{"id":2613,"date":"2025-08-17T21:08:08","date_gmt":"2025-08-17T18:08:08","guid":{"rendered":"https:\/\/sugarella.ee\/%d0%ba%d0%be%d0%bd%d1%82%d0%b0%d0%ba%d1%82\/"},"modified":"2026-04-12T19:18:47","modified_gmt":"2026-04-12T16:18:47","slug":"kontakt","status":"publish","type":"page","link":"https:\/\/sugarella.ee\/ru\/kontakt\/","title":{"rendered":"\u041a\u043e\u043d\u0442\u0430\u043a\u0442"},"content":{"rendered":"\n<div class=\"wp-block-uagb-container uagb-block-049e5632 alignfull uagb-is-root-container\"><div class=\"uagb-container-inner-blocks-wrap\">\n<div class=\"wp-block-uagb-container uagb-block-4acdc95b\">\n<div class=\"wp-block-uagb-image uagb-block-1e9b88e3 wp-block-uagb-image--layout-default wp-block-uagb-image--effect-static wp-block-uagb-image--align-none\"><figure class=\"wp-block-uagb-image__figure\"><img decoding=\"async\" srcset=\"https:\/\/sugarella.ee\/wp-content\/uploads\/2025\/12\/super-soft-scaled.jpg ,https:\/\/sugarella.ee\/wp-content\/uploads\/2025\/12\/super-soft-scaled.jpg 780w, https:\/\/sugarella.ee\/wp-content\/uploads\/2025\/12\/super-soft-scaled.jpg 360w\" sizes=\"auto, (max-width: 480px) 150px\" src=\"https:\/\/sugarella.ee\/wp-content\/uploads\/2025\/12\/super-soft-scaled.jpg\" alt=\"\u043a\u043e\u043d\u0442\u0430\u043a\u0442 sugarella suhkrupasta\" class=\"uag-image-3127\" width=\"2560\" height=\"1429\" title=\"\u043a\u043e\u043d\u0442\u0430\u043a\u0442 sugarella suhkrupasta\" loading=\"lazy\" role=\"img\"><\/figure><\/div>\n<\/div>\n\n\n\n<div class=\"wp-block-uagb-container uagb-block-ae2415ad\">\n<div class=\"wp-block-uagb-info-box uagb-block-16c32af8 uagb-infobox__content-wrap  uagb-infobox-icon-above-title uagb-infobox-image-valign-top wp-block-uagb-info-box--has-margin\"><div class=\"uagb-infobox-margin-wrapper\"><div class=\"uagb-ifb-content\"><div class=\"uagb-ifb-title-wrap\"><h3 class=\"uagb-ifb-title\"><strong>\u0421\u0432\u044f\u0436\u0438\u0441\u044c \u0441 \u043d\u0430\u043c\u0438!<\/strong><\/h3><\/div><div class=\"uagb-ifb-separator\"><\/div><p class=\"uagb-ifb-desc\"> \u0415\u0441\u043b\u0438 \u0443 \u0432\u0430\u0441 \u0435\u0441\u0442\u044c \u0432\u043e\u043f\u0440\u043e\u0441\u044b, \u043f\u0440\u0435\u0434\u043b\u043e\u0436\u0435\u043d\u0438\u0435 \u0438\u043b\u0438 \u043d\u0443\u0436\u043d\u0430 \u043f\u043e\u043c\u043e\u0449\u044c, \u043d\u0430\u043f\u0438\u0448\u0438\u0442\u0435 \u043d\u0430\u043c \u043d\u0430 \u0430\u0434\u0440\u0435\u0441 <strong>info.tellimus@gmail.com<\/strong> \u0438\u043b\u0438 \u043f\u043e\u0437\u0432\u043e\u043d\u0438\u0442\u0435 \u043d\u0430 \u043d\u043e\u043c\u0435\u0440<strong> +372 56990979<\/strong> <\/p><\/div><\/div><\/div>\n<\/div>\n<\/div><\/div>\n\n<div class=\"wp-block-uagb-container uagb-block-db512aea alignfull uagb-is-root-container\"><div class=\"uagb-container-inner-blocks-wrap\">\n<div class=\"wp-block-uagb-container uagb-block-a0c58707\">\n<div class=\"wp-block-uagb-container uagb-block-a1c02ed3\">\n<div class=\"wp-block-uagb-container uagb-block-2b62c5ac\"><\/div>\n<\/div>\n<\/div>\n\n\n\n<div class=\"wp-block-uagb-container uagb-block-33736917\"><\/div>\n<\/div><\/div>\n\n<div class=\"wp-block-uagb-container uagb-block-46b3c7cd alignfull uagb-is-root-container\"><div class=\"uagb-container-inner-blocks-wrap\">\n<div class=\"wp-block-uagb-container uagb-block-14af2840\">\n<div class=\"wp-block-uagb-info-box uagb-block-f7dcf24c uagb-infobox__content-wrap  uagb-infobox-icon-above-title uagb-infobox-image-valign-top\"><div class=\"uagb-ifb-content\"><div class=\"uagb-ifb-title-wrap\"><h3 class=\"uagb-ifb-title\"><br\/><strong>EVETAR O\u00dc<\/strong><\/h3><\/div><p class=\"uagb-ifb-desc\">+372 56990979<br\/>info.tellimus@gmail.com<br\/>\u041f\u0430\u0440\u0433\u0438 10-2, T\u0430\u0440\u0442\u0443 50103, \u042d\u0441\u0442\u043e\u043d\u0438\u044f<br\/>Reg.nr. 11898990<br\/><br\/><br\/><br\/><br\/><br\/><\/p><\/div><\/div>\n<\/div>\n\n\n\n<div class=\"wp-block-uagb-container uagb-block-e60d49ad\">\n<div class=\"wp-block-uagb-info-box uagb-block-41f280a0 uagb-infobox__content-wrap  uagb-infobox-icon-above-title uagb-infobox-image-valign-top wp-block-uagb-info-box--has-margin\"><div class=\"uagb-infobox-margin-wrapper\"><div class=\"uagb-ifb-content\"><div class=\"uagb-ifb-title-wrap\"><h3 class=\"uagb-ifb-title\"><strong>\u041f\u041e\u041c\u041e\u0429\u042c<\/strong><\/h3><\/div><div class=\"uagb-ifb-desc\">\n<p class=\"has-ast-global-color-3-color has-text-color has-link-color wp-elements-d7a0acc042a85aa19635ad4a94105d65\"><a href=\"https:\/\/sugarella.ee\/ru\/tellimine\/\" target=\"_blank\" rel=\"noreferrer noopener\">\u041a\u0430\u043a \u0437\u0430\u043a\u0430\u0437\u0430\u0442\u044c<\/a><br\/><a href=\"https:\/\/sugarella.ee\/ru\/kohaletoimetamine\/\" target=\"_blank\" rel=\"noreferrer noopener\">\u0414\u043e\u0441\u0442\u0430\u0432\u043a\u0430<\/a><br\/><a href=\"https:\/\/sugarella.ee\/ru\/tagastamine\/\" target=\"_blank\" rel=\"noreferrer noopener\">\u0412\u043e\u0437\u0432\u0440\u0430\u0442<\/a><br\/><br\/><a href=\"https:\/\/sugarella.ee\/muugitingimused\/\" target=\"_blank\" rel=\"noreferrer noopener\">E-poe m\u00fc\u00fcgitingimused<\/a><br\/><a href=\"https:\/\/sugarella.ee\/privaatsupoliitika\/\" target=\"_blank\" rel=\"noreferrer noopener\">Privaatsustingimused<\/a><br\/><br\/><\/p>\n<\/div><\/div><\/div><\/div>\n<\/div>\n\n\n\n<div class=\"wp-block-uagb-container uagb-block-b7721db6\">\n<div class=\"wp-block-uagb-forms uagb-forms__outer-wrap uagb-block-809fe97e uagb-forms__medium-btn\"><form class=\"uagb-forms-main-form\" method=\"post\" autocomplete=\"on\" name=\"uagb-form-809fe97e\">\n<div class=\"wp-block-uagb-forms-name uagb-forms-name-wrap uagb-forms-field-set uagb-block-50b08f91\"><div class=\"uagb-forms-name-label required uagb-forms-input-label\" id=\"50b08f91\"><strong>\u0418\u043c\u044f<\/strong><\/div><input type=\"text\" placeholder=\"John\" required=\"\" class=\"uagb-forms-name-input uagb-forms-input\" name=\"50b08f91\" autocomplete=\"given-name\"><\/div>\n\n\n\n<div class=\"wp-block-uagb-forms-email uagb-forms-email-wrap uagb-forms-field-set uagb-block-3782d61c\"><div class=\"uagb-forms-email-label required uagb-forms-input-label\" id=\"3782d61c\"><strong>E-mail<\/strong><\/div><input type=\"email\" class=\"uagb-forms-email-input uagb-forms-input\" placeholder=\"example@mail.com\" required=\"\" name=\"3782d61c\" autocomplete=\"email\"><\/div>\n\n\n\n<div class=\"wp-block-uagb-forms-textarea uagb-forms-textarea-wrap uagb-forms-field-set uagb-block-bfcac72a\"><div class=\"uagb-forms-textarea-label required uagb-forms-input-label\" id=\"bfcac72a\"><strong>\u0421\u043e\u043e\u0431\u0449\u0435\u043d\u0438\u0435<\/strong><\/div><textarea required=\"\" class=\"uagb-forms-textarea-input uagb-forms-input\" rows=\"2\" placeholder=\"\u041d\u0430\u043f\u0438\u0448\u0438 \u0441\u0432\u043e\u0451 \u0441\u043e\u043e\u0431\u0449\u0435\u043d\u0438\u0435\" name=\"bfcac72a\" autocomplete=\"off\"><\/textarea><\/div>\n<div class=\"uagb-forms-form-hidden-data\"><input type=\"hidden\" class=\"uagb_forms_form_label\" value=\"Spectra Form\"\/><input type=\"hidden\" class=\"uagb_forms_form_id\" value=\"uagb-form-809fe97e\"\/><\/div><div class=\"uagb-form-reacaptcha-error-809fe97e\"><\/div><div class=\"uagb-forms-main-submit-button-wrap wp-block-button\"><button class=\"uagb-forms-main-submit-button wp-block-button__link\"><div class=\"uagb-forms-main-submit-button-text\">\u041e\u0422\u041f\u0420\u0410\u0412\u0418\u0422\u042c<\/div><\/button><\/div><\/form><div class=\"uagb-forms-success-message-809fe97e uagb-forms-submit-message-hide\"><span>Vorm on edukalt esitatud!<\/span><\/div><div class=\"uagb-forms-failed-message-809fe97e uagb-forms-submit-message-hide\"><span>Vormi esitamisel tekkis viga. Palun t\u00e4itke k\u00f5iki vormiv\u00e4lju uuesti.<\/span><\/div><\/div>\n<\/div>\n<\/div><\/div>\n\n<div class=\"wp-block-uagb-info-box uagb-block-abf86ca0 uagb-infobox__content-wrap  uagb-infobox-icon-above-title uagb-infobox-image-valign-top\"><div class=\"uagb-ifb-content\"><div class=\"uagb-ifb-title-wrap\"><\/div><p class=\"uagb-ifb-desc\"><a href=\"https:\/\/leonardo.ai\/\">https:\/\/leonardo.ai\/<\/a><\/p><\/div><\/div>\n\n<header class=\"wp-block-uagb-advanced-heading uagb-block-431b7f45\"><h6 class=\"uagb-heading-text\">Foto: <a href=\"https:\/\/leonardo.ai\/\" target=\"_blank\" rel=\"noreferrer noopener\">https:\/\/leonardo.ai\/<\/a><\/h6><\/header>\n\n<p><\/p>\n","protected":false},"excerpt":{"rendered":"<p>Foto: https:\/\/leonardo.ai\/<\/p>\n","protected":false},"author":2,"featured_media":3133,"parent":0,"menu_order":0,"comment_status":"closed","ping_status":"closed","template":"","meta":{"_surecart_dashboard_logo_width":"180px","_surecart_dashboard_show_logo":true,"_surecart_dashboard_navigation_orders":true,"_surecart_dashboard_navigation_invoices":true,"_surecart_dashboard_navigation_subscriptions":true,"_surecart_dashboard_navigation_downloads":true,"_surecart_dashboard_navigation_billing":true,"_surecart_dashboard_navigation_account":true,"_uag_custom_page_level_css":"","site-sidebar-layout":"no-sidebar","site-content-layout":"page-builder","ast-site-content-layout":"full-width-container","site-content-style":"boxed","site-sidebar-style":"boxed","ast-global-header-display":"","ast-banner-title-visibility":"","ast-main-header-display":"","ast-hfb-above-header-display":"","ast-hfb-below-header-display":"","ast-hfb-mobile-header-display":"","site-post-title":"disabled","ast-breadcrumbs-content":"","ast-featured-img":"","footer-sml-layout":"","ast-disable-related-posts":"","theme-transparent-header-meta":"disabled","adv-header-id-meta":"","stick-header-meta":"","header-above-stick-meta":"","header-main-stick-meta":"","header-below-stick-meta":"","astra-migrate-meta-layouts":"set","ast-page-background-enabled":"default","ast-page-background-meta":{"desktop":{"background-color":"var(--ast-global-color-4)","background-image":"","background-repeat":"repeat","background-position":"center center","background-size":"auto","background-attachment":"scroll","background-type":"","background-media":"","overlay-type":"","overlay-color":"","overlay-opacity":"","overlay-gradient":""},"tablet":{"background-color":"","background-image":"","background-repeat":"repeat","background-position":"center center","background-size":"auto","background-attachment":"scroll","background-type":"","background-media":"","overlay-type":"","overlay-color":"","overlay-opacity":"","overlay-gradient":""},"mobile":{"background-color":"","background-image":"","background-repeat":"repeat","background-position":"center center","background-size":"auto","background-attachment":"scroll","background-type":"","background-media":"","overlay-type":"","overlay-color":"","overlay-opacity":"","overlay-gradient":""}},"ast-content-background-meta":{"desktop":{"background-color":"var(--ast-global-color-5)","background-image":"","background-repeat":"repeat","background-position":"center center","background-size":"auto","background-attachment":"scroll","background-type":"","background-media":"","overlay-type":"","overlay-color":"","overlay-opacity":"","overlay-gradient":""},"tablet":{"background-color":"var(--ast-global-color-5)","background-image":"","background-repeat":"repeat","background-position":"center center","background-size":"auto","background-attachment":"scroll","background-type":"","background-media":"","overlay-type":"","overlay-color":"","overlay-opacity":"","overlay-gradient":""},"mobile":{"background-color":"var(--ast-global-color-5)","background-image":"","background-repeat":"repeat","background-position":"center center","background-size":"auto","background-attachment":"scroll","background-type":"","background-media":"","overlay-type":"","overlay-color":"","overlay-opacity":"","overlay-gradient":""}},"footnotes":""},"class_list":["post-2613","page","type-page","status-publish","has-post-thumbnail","hentry"],"yoast_head":"<!-- This site is optimized with the Yoast SEO plugin v27.4 - https:\/\/yoast.com\/product\/yoast-seo-wordpress\/ -->\n<title>\u041a\u043e\u043d\u0442\u0430\u043a\u0442<\/title>\n<meta name=\"description\" content=\"\u041a\u043e\u043d\u0442\u0430\u043a\u0442. \u0421\u0432\u044f\u0436\u0438\u0441\u044c \u0441 \u043d\u0430\u043c\u0438! \u0415\u0441\u043b\u0438 \u0443 \u0432\u0430\u0441 \u0435\u0441\u0442\u044c \u0432\u043e\u043f\u0440\u043e\u0441\u044b, \u043f\u0440\u0435\u0434\u043b\u043e\u0436\u0435\u043d\u0438\u044f \u0438\u043b\u0438 \u043d\u0443\u0436\u043d\u0430 \u043f\u043e\u043c\u043e\u0449\u044c, \u043d\u0430\u043f\u0438\u0448\u0438\u0442\u0435 \u043d\u0430\u043c \u043f\u043e \u0430\u0434\u0440\u0435\u0441\u0443 info.tellimus@gmail.com \u0438\u043b\u0438\" \/>\n<meta name=\"robots\" content=\"index, follow, max-snippet:-1, max-image-preview:large, max-video-preview:-1\" \/>\n<link rel=\"canonical\" href=\"https:\/\/sugarella.ee\/ru\/kontakt\/\" \/>\n<meta property=\"og:locale\" content=\"ru_RU\" \/>\n<meta property=\"og:type\" content=\"article\" \/>\n<meta property=\"og:title\" content=\"\u041a\u043e\u043d\u0442\u0430\u043a\u0442\" \/>\n<meta property=\"og:description\" content=\"\u041a\u043e\u043d\u0442\u0430\u043a\u0442. \u0421\u0432\u044f\u0436\u0438\u0441\u044c \u0441 \u043d\u0430\u043c\u0438! \u0415\u0441\u043b\u0438 \u0443 \u0432\u0430\u0441 \u0435\u0441\u0442\u044c \u0432\u043e\u043f\u0440\u043e\u0441\u044b, \u043f\u0440\u0435\u0434\u043b\u043e\u0436\u0435\u043d\u0438\u044f \u0438\u043b\u0438 \u043d\u0443\u0436\u043d\u0430 \u043f\u043e\u043c\u043e\u0449\u044c, \u043d\u0430\u043f\u0438\u0448\u0438\u0442\u0435 \u043d\u0430\u043c \u043f\u043e \u0430\u0434\u0440\u0435\u0441\u0443 info.tellimus@gmail.com \u0438\u043b\u0438\" \/>\n<meta property=\"og:url\" content=\"https:\/\/sugarella.ee\/ru\/kontakt\/\" \/>\n<meta property=\"og:site_name\" content=\"Sugarella\" \/>\n<meta property=\"article:publisher\" content=\"https:\/\/www.facebook.com\/profile.php?id=61577329389824\" \/>\n<meta property=\"article:modified_time\" content=\"2026-04-12T16:18:47+00:00\" \/>\n<meta property=\"og:image\" content=\"https:\/\/sugarella.ee\/wp-content\/uploads\/2025\/12\/super-soft-scaled.jpg\" \/>\n\t<meta property=\"og:image:width\" content=\"2560\" \/>\n\t<meta property=\"og:image:height\" content=\"1429\" \/>\n\t<meta property=\"og:image:type\" content=\"image\/jpeg\" \/>\n<meta name=\"twitter:card\" content=\"summary_large_image\" \/>\n<meta name=\"twitter:label1\" content=\"\u041f\u0440\u0438\u043c\u0435\u0440\u043d\u043e\u0435 \u0432\u0440\u0435\u043c\u044f \u0434\u043b\u044f \u0447\u0442\u0435\u043d\u0438\u044f\" \/>\n\t<meta name=\"twitter:data1\" content=\"1 \u043c\u0438\u043d\u0443\u0442\u0430\" \/>\n<script type=\"application\/ld+json\" class=\"yoast-schema-graph\">{\"@context\":\"https:\\\/\\\/schema.org\",\"@graph\":[{\"@type\":\"WebPage\",\"@id\":\"https:\\\/\\\/sugarella.ee\\\/ru\\\/kontakt\\\/\",\"url\":\"https:\\\/\\\/sugarella.ee\\\/ru\\\/kontakt\\\/\",\"name\":\"\u041a\u043e\u043d\u0442\u0430\u043a\u0442\",\"isPartOf\":{\"@id\":\"https:\\\/\\\/sugarella.ee\\\/ru\\\/#website\"},\"primaryImageOfPage\":{\"@id\":\"https:\\\/\\\/sugarella.ee\\\/ru\\\/kontakt\\\/#primaryimage\"},\"image\":{\"@id\":\"https:\\\/\\\/sugarella.ee\\\/ru\\\/kontakt\\\/#primaryimage\"},\"thumbnailUrl\":\"https:\\\/\\\/sugarella.ee\\\/wp-content\\\/uploads\\\/2025\\\/12\\\/super-soft-scaled.jpg\",\"datePublished\":\"2025-08-17T18:08:08+00:00\",\"dateModified\":\"2026-04-12T16:18:47+00:00\",\"description\":\"\u041a\u043e\u043d\u0442\u0430\u043a\u0442. \u0421\u0432\u044f\u0436\u0438\u0441\u044c \u0441 \u043d\u0430\u043c\u0438! \u0415\u0441\u043b\u0438 \u0443 \u0432\u0430\u0441 \u0435\u0441\u0442\u044c \u0432\u043e\u043f\u0440\u043e\u0441\u044b, \u043f\u0440\u0435\u0434\u043b\u043e\u0436\u0435\u043d\u0438\u044f \u0438\u043b\u0438 \u043d\u0443\u0436\u043d\u0430 \u043f\u043e\u043c\u043e\u0449\u044c, \u043d\u0430\u043f\u0438\u0448\u0438\u0442\u0435 \u043d\u0430\u043c \u043f\u043e \u0430\u0434\u0440\u0435\u0441\u0443 info.tellimus@gmail.com \u0438\u043b\u0438\",\"breadcrumb\":{\"@id\":\"https:\\\/\\\/sugarella.ee\\\/ru\\\/kontakt\\\/#breadcrumb\"},\"inLanguage\":\"ru-RU\",\"potentialAction\":[{\"@type\":\"ReadAction\",\"target\":[\"https:\\\/\\\/sugarella.ee\\\/ru\\\/kontakt\\\/\"]}]},{\"@type\":\"ImageObject\",\"inLanguage\":\"ru-RU\",\"@id\":\"https:\\\/\\\/sugarella.ee\\\/ru\\\/kontakt\\\/#primaryimage\",\"url\":\"https:\\\/\\\/sugarella.ee\\\/wp-content\\\/uploads\\\/2025\\\/12\\\/super-soft-scaled.jpg\",\"contentUrl\":\"https:\\\/\\\/sugarella.ee\\\/wp-content\\\/uploads\\\/2025\\\/12\\\/super-soft-scaled.jpg\",\"width\":2560,\"height\":1429,\"caption\":\"super soft\"},{\"@type\":\"BreadcrumbList\",\"@id\":\"https:\\\/\\\/sugarella.ee\\\/ru\\\/kontakt\\\/#breadcrumb\",\"itemListElement\":[{\"@type\":\"ListItem\",\"position\":1,\"name\":\"Home\",\"item\":\"https:\\\/\\\/sugarella.ee\\\/ru\\\/\"},{\"@type\":\"ListItem\",\"position\":2,\"name\":\"\u041a\u043e\u043d\u0442\u0430\u043a\u0442\"}]},{\"@type\":\"WebSite\",\"@id\":\"https:\\\/\\\/sugarella.ee\\\/ru\\\/#website\",\"url\":\"https:\\\/\\\/sugarella.ee\\\/ru\\\/\",\"name\":\"Sugarella\",\"description\":\"N\u00e4o- ja kehahooldus, Ilutoodete e-pood\",\"publisher\":{\"@id\":\"https:\\\/\\\/sugarella.ee\\\/ru\\\/#organization\"},\"potentialAction\":[{\"@type\":\"SearchAction\",\"target\":{\"@type\":\"EntryPoint\",\"urlTemplate\":\"https:\\\/\\\/sugarella.ee\\\/ru\\\/?s={search_term_string}\"},\"query-input\":{\"@type\":\"PropertyValueSpecification\",\"valueRequired\":true,\"valueName\":\"search_term_string\"}}],\"inLanguage\":\"ru-RU\"},{\"@type\":\"Organization\",\"@id\":\"https:\\\/\\\/sugarella.ee\\\/ru\\\/#organization\",\"name\":\"Evetar O\u00dc\",\"url\":\"https:\\\/\\\/sugarella.ee\\\/ru\\\/\",\"logo\":{\"@type\":\"ImageObject\",\"inLanguage\":\"ru-RU\",\"@id\":\"https:\\\/\\\/sugarella.ee\\\/ru\\\/#\\\/schema\\\/logo\\\/image\\\/\",\"url\":\"https:\\\/\\\/sugarella.ee\\\/wp-content\\\/uploads\\\/2025\\\/08\\\/cropped-Pink-and-White-Simple-Watercolor-Business-Card-7.png\",\"contentUrl\":\"https:\\\/\\\/sugarella.ee\\\/wp-content\\\/uploads\\\/2025\\\/08\\\/cropped-Pink-and-White-Simple-Watercolor-Business-Card-7.png\",\"width\":928,\"height\":227,\"caption\":\"Evetar O\u00dc\"},\"image\":{\"@id\":\"https:\\\/\\\/sugarella.ee\\\/ru\\\/#\\\/schema\\\/logo\\\/image\\\/\"},\"sameAs\":[\"https:\\\/\\\/www.facebook.com\\\/profile.php?id=61577329389824\"]}]}<\/script>\n<!-- \/ Yoast SEO plugin. -->","yoast_head_json":{"title":"\u041a\u043e\u043d\u0442\u0430\u043a\u0442","description":"\u041a\u043e\u043d\u0442\u0430\u043a\u0442. \u0421\u0432\u044f\u0436\u0438\u0441\u044c \u0441 \u043d\u0430\u043c\u0438! \u0415\u0441\u043b\u0438 \u0443 \u0432\u0430\u0441 \u0435\u0441\u0442\u044c \u0432\u043e\u043f\u0440\u043e\u0441\u044b, \u043f\u0440\u0435\u0434\u043b\u043e\u0436\u0435\u043d\u0438\u044f \u0438\u043b\u0438 \u043d\u0443\u0436\u043d\u0430 \u043f\u043e\u043c\u043e\u0449\u044c, \u043d\u0430\u043f\u0438\u0448\u0438\u0442\u0435 \u043d\u0430\u043c \u043f\u043e \u0430\u0434\u0440\u0435\u0441\u0443 info.tellimus@gmail.com \u0438\u043b\u0438","robots":{"index":"index","follow":"follow","max-snippet":"max-snippet:-1","max-image-preview":"max-image-preview:large","max-video-preview":"max-video-preview:-1"},"canonical":"https:\/\/sugarella.ee\/ru\/kontakt\/","og_locale":"ru_RU","og_type":"article","og_title":"\u041a\u043e\u043d\u0442\u0430\u043a\u0442","og_description":"\u041a\u043e\u043d\u0442\u0430\u043a\u0442. \u0421\u0432\u044f\u0436\u0438\u0441\u044c \u0441 \u043d\u0430\u043c\u0438! \u0415\u0441\u043b\u0438 \u0443 \u0432\u0430\u0441 \u0435\u0441\u0442\u044c \u0432\u043e\u043f\u0440\u043e\u0441\u044b, \u043f\u0440\u0435\u0434\u043b\u043e\u0436\u0435\u043d\u0438\u044f \u0438\u043b\u0438 \u043d\u0443\u0436\u043d\u0430 \u043f\u043e\u043c\u043e\u0449\u044c, \u043d\u0430\u043f\u0438\u0448\u0438\u0442\u0435 \u043d\u0430\u043c \u043f\u043e \u0430\u0434\u0440\u0435\u0441\u0443 info.tellimus@gmail.com \u0438\u043b\u0438","og_url":"https:\/\/sugarella.ee\/ru\/kontakt\/","og_site_name":"Sugarella","article_publisher":"https:\/\/www.facebook.com\/profile.php?id=61577329389824","article_modified_time":"2026-04-12T16:18:47+00:00","og_image":[{"width":2560,"height":1429,"url":"https:\/\/sugarella.ee\/wp-content\/uploads\/2025\/12\/super-soft-scaled.jpg","type":"image\/jpeg"}],"twitter_card":"summary_large_image","twitter_misc":{"\u041f\u0440\u0438\u043c\u0435\u0440\u043d\u043e\u0435 \u0432\u0440\u0435\u043c\u044f \u0434\u043b\u044f \u0447\u0442\u0435\u043d\u0438\u044f":"1 \u043c\u0438\u043d\u0443\u0442\u0430"},"schema":{"@context":"https:\/\/schema.org","@graph":[{"@type":"WebPage","@id":"https:\/\/sugarella.ee\/ru\/kontakt\/","url":"https:\/\/sugarella.ee\/ru\/kontakt\/","name":"\u041a\u043e\u043d\u0442\u0430\u043a\u0442","isPartOf":{"@id":"https:\/\/sugarella.ee\/ru\/#website"},"primaryImageOfPage":{"@id":"https:\/\/sugarella.ee\/ru\/kontakt\/#primaryimage"},"image":{"@id":"https:\/\/sugarella.ee\/ru\/kontakt\/#primaryimage"},"thumbnailUrl":"https:\/\/sugarella.ee\/wp-content\/uploads\/2025\/12\/super-soft-scaled.jpg","datePublished":"2025-08-17T18:08:08+00:00","dateModified":"2026-04-12T16:18:47+00:00","description":"\u041a\u043e\u043d\u0442\u0430\u043a\u0442. \u0421\u0432\u044f\u0436\u0438\u0441\u044c \u0441 \u043d\u0430\u043c\u0438! \u0415\u0441\u043b\u0438 \u0443 \u0432\u0430\u0441 \u0435\u0441\u0442\u044c \u0432\u043e\u043f\u0440\u043e\u0441\u044b, \u043f\u0440\u0435\u0434\u043b\u043e\u0436\u0435\u043d\u0438\u044f \u0438\u043b\u0438 \u043d\u0443\u0436\u043d\u0430 \u043f\u043e\u043c\u043e\u0449\u044c, \u043d\u0430\u043f\u0438\u0448\u0438\u0442\u0435 \u043d\u0430\u043c \u043f\u043e \u0430\u0434\u0440\u0435\u0441\u0443 info.tellimus@gmail.com \u0438\u043b\u0438","breadcrumb":{"@id":"https:\/\/sugarella.ee\/ru\/kontakt\/#breadcrumb"},"inLanguage":"ru-RU","potentialAction":[{"@type":"ReadAction","target":["https:\/\/sugarella.ee\/ru\/kontakt\/"]}]},{"@type":"ImageObject","inLanguage":"ru-RU","@id":"https:\/\/sugarella.ee\/ru\/kontakt\/#primaryimage","url":"https:\/\/sugarella.ee\/wp-content\/uploads\/2025\/12\/super-soft-scaled.jpg","contentUrl":"https:\/\/sugarella.ee\/wp-content\/uploads\/2025\/12\/super-soft-scaled.jpg","width":2560,"height":1429,"caption":"super soft"},{"@type":"BreadcrumbList","@id":"https:\/\/sugarella.ee\/ru\/kontakt\/#breadcrumb","itemListElement":[{"@type":"ListItem","position":1,"name":"Home","item":"https:\/\/sugarella.ee\/ru\/"},{"@type":"ListItem","position":2,"name":"\u041a\u043e\u043d\u0442\u0430\u043a\u0442"}]},{"@type":"WebSite","@id":"https:\/\/sugarella.ee\/ru\/#website","url":"https:\/\/sugarella.ee\/ru\/","name":"Sugarella","description":"N\u00e4o- ja kehahooldus, Ilutoodete e-pood","publisher":{"@id":"https:\/\/sugarella.ee\/ru\/#organization"},"potentialAction":[{"@type":"SearchAction","target":{"@type":"EntryPoint","urlTemplate":"https:\/\/sugarella.ee\/ru\/?s={search_term_string}"},"query-input":{"@type":"PropertyValueSpecification","valueRequired":true,"valueName":"search_term_string"}}],"inLanguage":"ru-RU"},{"@type":"Organization","@id":"https:\/\/sugarella.ee\/ru\/#organization","name":"Evetar O\u00dc","url":"https:\/\/sugarella.ee\/ru\/","logo":{"@type":"ImageObject","inLanguage":"ru-RU","@id":"https:\/\/sugarella.ee\/ru\/#\/schema\/logo\/image\/","url":"https:\/\/sugarella.ee\/wp-content\/uploads\/2025\/08\/cropped-Pink-and-White-Simple-Watercolor-Business-Card-7.png","contentUrl":"https:\/\/sugarella.ee\/wp-content\/uploads\/2025\/08\/cropped-Pink-and-White-Simple-Watercolor-Business-Card-7.png","width":928,"height":227,"caption":"Evetar O\u00dc"},"image":{"@id":"https:\/\/sugarella.ee\/ru\/#\/schema\/logo\/image\/"},"sameAs":["https:\/\/www.facebook.com\/profile.php?id=61577329389824"]}]}},"uagb_featured_image_src":{"full":["https:\/\/sugarella.ee\/wp-content\/uploads\/2025\/12\/super-soft-scaled.jpg",2560,1429,false],"thumbnail":["https:\/\/sugarella.ee\/wp-content\/uploads\/2025\/12\/super-soft-150x150.jpg",150,150,true],"medium":["https:\/\/sugarella.ee\/wp-content\/uploads\/2025\/12\/super-soft-300x167.jpg",300,167,true],"medium_large":["https:\/\/sugarella.ee\/wp-content\/uploads\/2025\/12\/super-soft-768x429.jpg",768,429,true],"large":["https:\/\/sugarella.ee\/wp-content\/uploads\/2025\/12\/super-soft-1024x572.jpg",1024,572,true],"1536x1536":["https:\/\/sugarella.ee\/wp-content\/uploads\/2025\/12\/super-soft-1536x857.jpg",1536,857,true],"2048x2048":["https:\/\/sugarella.ee\/wp-content\/uploads\/2025\/12\/super-soft-2048x1143.jpg",2048,1143,true],"woocommerce_thumbnail":["https:\/\/sugarella.ee\/wp-content\/uploads\/2025\/12\/super-soft-scaled-600x600.jpg",600,600,true],"woocommerce_single":["https:\/\/sugarella.ee\/wp-content\/uploads\/2025\/12\/super-soft-scaled-600x335.jpg",600,335,true],"woocommerce_gallery_thumbnail":["https:\/\/sugarella.ee\/wp-content\/uploads\/2025\/12\/super-soft-scaled-100x100.jpg",100,100,true]},"uagb_author_info":{"display_name":"liia","author_link":"https:\/\/sugarella.ee\/ru\/author\/liia\/"},"uagb_comment_info":0,"uagb_excerpt":"Foto: https:\/\/leonardo.ai\/","jetpack_sharing_enabled":true,"_links":{"self":[{"href":"https:\/\/sugarella.ee\/ru\/wp-json\/wp\/v2\/pages\/2613","targetHints":{"allow":["GET"]}}],"collection":[{"href":"https:\/\/sugarella.ee\/ru\/wp-json\/wp\/v2\/pages"}],"about":[{"href":"https:\/\/sugarella.ee\/ru\/wp-json\/wp\/v2\/types\/page"}],"author":[{"embeddable":true,"href":"https:\/\/sugarella.ee\/ru\/wp-json\/wp\/v2\/users\/2"}],"replies":[{"embeddable":true,"href":"https:\/\/sugarella.ee\/ru\/wp-json\/wp\/v2\/comments?post=2613"}],"version-history":[{"count":19,"href":"https:\/\/sugarella.ee\/ru\/wp-json\/wp\/v2\/pages\/2613\/revisions"}],"predecessor-version":[{"id":3876,"href":"https:\/\/sugarella.ee\/ru\/wp-json\/wp\/v2\/pages\/2613\/revisions\/3876"}],"wp:featuredmedia":[{"embeddable":true,"href":"https:\/\/sugarella.ee\/ru\/wp-json\/wp\/v2\/media\/3133"}],"wp:attachment":[{"href":"https:\/\/sugarella.ee\/ru\/wp-json\/wp\/v2\/media?parent=2613"}],"curies":[{"name":"wp","href":"https:\/\/api.w.org\/{rel}","templated":true}]}}