{"id":3625,"date":"2025-10-27T11:54:41","date_gmt":"2025-10-27T09:54:41","guid":{"rendered":"https:\/\/sugarella.ee\/toode\/sugarella-sokeritahna-soft-700g\/"},"modified":"2026-02-16T19:20:31","modified_gmt":"2026-02-16T17:20:31","slug":"sugarella-sokeritahna-soft-700g","status":"publish","type":"product","link":"https:\/\/sugarella.ee\/fi\/toode\/sugarella-sokeritahna-soft-700g\/","title":{"rendered":"SUGARELLA sokeritahna, Soft, 700g"},"content":{"rendered":"<p>SUGARELLA sokeritahna, Soft, 700g sopii jalkojen, k\u00e4sien ja sel\u00e4n karvanpoistoon.<\/p>\n<p><strong>Tekniikka:<\/strong> lasta ja manuaali.<br \/>\n<strong>Karvanpoistoalue:<\/strong> jalat, k\u00e4det, selk\u00e4.<br \/>\n<strong>K\u00e4ytt\u00f6l\u00e4mp\u00f6tila: <\/strong>37\u201340 \u00b0C (sidostekniikka), 25\u201327 \u00b0C (lasta ja manuaali)<\/p>\n<p>Tahna on vesiliukoinen.<\/p>\n<p>Soveltuu erinomaisesti jalkojen, k\u00e4sivarsien ja sel\u00e4n karvanpoistoon. Tasainen ja pehme\u00e4 koostumus takaa helpon k\u00e4sitelt\u00e4vyyden erityisesti viileiss\u00e4 hoitotiloissa tai silloin, kun kosmetologin k\u00e4det ovat kylm\u00e4t. Ei vahingoita ihoa, poistaa vain kuolleita ihosoluja ja karvoja.<\/p>\n<p><strong>1. SuperSoft<\/strong> \u2013 Eritt\u00e4in pehme\u00e4 sokeripasta, joka on tarkoitettu karvanpoistoon<br \/>depilointipaperin avulla. Soveltuu k\u00e4ytett\u00e4v\u00e4ksi erityisesti silloin, kun hoitotila on hyvin viile\u00e4 tai kosmetologin k\u00e4det ovat kylm\u00e4t manuaalitekniikkaa k\u00e4ytett\u00e4ess\u00e4. Erinomainen valinta pitkien, 8\u201310 mm karvojen poistoon kuivilla ihoalueilla, kuten sel\u00e4ss\u00e4, k\u00e4siss\u00e4 ja jaloissa. Sopii my\u00f6s paksumpien sokeripastojen laimentamiseen. <\/p>\n<p><strong>2. Soft <\/strong>\u2013 (pehme\u00e4) \u2013 Pehme\u00e4 sokeripasta manuaaliseen tekniikkaan sek\u00e4 lasta- ja<br \/>depilointipaperimenetelm\u00e4\u00e4n. Soveltuu erinomaisesti jalkojen, k\u00e4sivarsien ja sel\u00e4n karvanpoistoon. Tasainen ja pehme\u00e4 koostumus takaa helpon k\u00e4sitelt\u00e4vyyden erityisesti viileiss\u00e4 hoitotiloissa tai silloin, kun kosmetologin k\u00e4det ovat kylm\u00e4t. <\/p>\n<p><strong>3. Soft Plus (keskipehme\u00e4)<\/strong> \u2013 Ammattik\u00e4ytt\u00f6\u00f6n suunniteltu, eritt\u00e4in plastinen sokeripasta<br \/>manuaalisiin ja lastalla teht\u00e4viin ekspressitekniikoihin. Soveltuu erinomaisesti my\u00f6s kainaloiden ja brasilialaisen karvanpoiston toteuttamiseen bandage-tekniikalla. Pehme\u00e4 ja joustava koostumus l\u00e4mpenee nopeasti kehon l\u00e4mp\u00f6tilaan ja poistaa tehokkaasti kaikki karvatyypit. Ihanteellinen valinta vaihteleviin ty\u00f6olosuhteisiin: kun hoitotila on viile\u00e4 ja kosmetologin k\u00e4det l\u00e4mpim\u00e4t tai kun tila on l\u00e4mmin ja k\u00e4det kylm\u00e4t. <\/p>\n<p><strong>4. Keskivahva<\/strong> \u2013 Universaali sokeripasta manuaaliseen ekspressitekniikkaan. T\u00e4m\u00e4 suosituin keskikovan koostumuksen omaava sokeripasta on suunniteltu 2\u20135 mm pituisten karvojen tehokkaaseen poistoon kaikilla kehon alueilla. <\/p>\n<p><strong>5. Hard (kova)<\/strong> \u2013 Ammattik\u00e4ytt\u00f6\u00f6n tarkoitettu tiivis sokeripasta manuaalitekniikkaan, erityisesti<br \/>brasilialaiseen karvanpoistoon ja kainaloihin. Koostumus on suunniteltu 2\u20135 mm pituisten karvojen tehokkaaseen poistoon. Suositellaan k\u00e4ytett\u00e4v\u00e4ksi eritt\u00e4in l\u00e4mpimiss\u00e4, kosteissa ja heikosti ilmastoiduissa tiloissa. Soveltuu erinomaisesti my\u00f6s tilanteisiin, joissa kosmetologin k\u00e4det ovat l\u00e4mpim\u00e4t tai k\u00e4sitelt\u00e4v\u00e4 alue on normaalia l\u00e4mpim\u00e4mpi ja kostea, kuten bikinialue ja kainalot.<\/p>\n<p><strong>6. Super Hard (\u00fclitihe)<\/strong> &#8211; Ammattik\u00e4ytt\u00f6\u00f6n tarkoitettu eritt\u00e4in tiivis sokeripasta manuaalitekniikkaan, erityisesti brasilialaiseen karvanpoistoon ja kainaloihin. Koostumus on suunniteltu 2\u20135 mm pituisten karvojen tehokkaaseen poistoon. Pasta kest\u00e4\u00e4 hyvin kosteutta ja korkeita l\u00e4mp\u00f6tiloja, joten sit\u00e4 suositellaan k\u00e4ytett\u00e4v\u00e4ksi l\u00e4mpimiss\u00e4, kosteissa ja heikosti ilmastoiduissa tiloissa.<\/p>\n","protected":false},"excerpt":{"rendered":"<p>sopii jalkojen, k\u00e4sien ja sel\u00e4n karvanpoistoon.<\/p>\n","protected":false},"featured_media":3662,"template":"","meta":{"_surecart_dashboard_logo_width":"180px","_surecart_dashboard_show_logo":true,"_surecart_dashboard_navigation_orders":true,"_surecart_dashboard_navigation_invoices":true,"_surecart_dashboard_navigation_subscriptions":true,"_surecart_dashboard_navigation_downloads":true,"_surecart_dashboard_navigation_billing":true,"_surecart_dashboard_navigation_account":true,"_uag_custom_page_level_css":"","site-sidebar-layout":"default","site-content-layout":"","ast-site-content-layout":"default","site-content-style":"default","site-sidebar-style":"default","ast-global-header-display":"","ast-banner-title-visibility":"","ast-main-header-display":"","ast-hfb-above-header-display":"","ast-hfb-below-header-display":"","ast-hfb-mobile-header-display":"","site-post-title":"","ast-breadcrumbs-content":"","ast-featured-img":"","footer-sml-layout":"","ast-disable-related-posts":"","theme-transparent-header-meta":"default","adv-header-id-meta":"","stick-header-meta":"","header-above-stick-meta":"","header-main-stick-meta":"","header-below-stick-meta":"","astra-migrate-meta-layouts":"default","ast-page-background-enabled":"default","ast-page-background-meta":{"desktop":{"background-color":"var(--ast-global-color-4)","background-image":"","background-repeat":"repeat","background-position":"center center","background-size":"auto","background-attachment":"scroll","background-type":"","background-media":"","overlay-type":"","overlay-color":"","overlay-opacity":"","overlay-gradient":""},"tablet":{"background-color":"","background-image":"","background-repeat":"repeat","background-position":"center center","background-size":"auto","background-attachment":"scroll","background-type":"","background-media":"","overlay-type":"","overlay-color":"","overlay-opacity":"","overlay-gradient":""},"mobile":{"background-color":"","background-image":"","background-repeat":"repeat","background-position":"center center","background-size":"auto","background-attachment":"scroll","background-type":"","background-media":"","overlay-type":"","overlay-color":"","overlay-opacity":"","overlay-gradient":""}},"ast-content-background-meta":{"desktop":{"background-color":"var(--ast-global-color-5)","background-image":"","background-repeat":"repeat","background-position":"center center","background-size":"auto","background-attachment":"scroll","background-type":"","background-media":"","overlay-type":"","overlay-color":"","overlay-opacity":"","overlay-gradient":""},"tablet":{"background-color":"var(--ast-global-color-5)","background-image":"","background-repeat":"repeat","background-position":"center center","background-size":"auto","background-attachment":"scroll","background-type":"","background-media":"","overlay-type":"","overlay-color":"","overlay-opacity":"","overlay-gradient":""},"mobile":{"background-color":"var(--ast-global-color-5)","background-image":"","background-repeat":"repeat","background-position":"center center","background-size":"auto","background-attachment":"scroll","background-type":"","background-media":"","overlay-type":"","overlay-color":"","overlay-opacity":"","overlay-gradient":""}}},"product_brand":[],"product_cat":[109,108],"product_tag":[],"class_list":{"0":"post-3625","1":"product","2":"type-product","3":"status-publish","4":"has-post-thumbnail","6":"product_cat-karvanpoisto","7":"product_cat-vartalonhoito","8":"desktop-align-left","9":"tablet-align-left","10":"mobile-align-left","12":"first","13":"instock","14":"shipping-taxable","15":"purchasable","16":"product-type-simple"},"yoast_head":"<!-- This site is optimized with the Yoast SEO plugin v27.3 - https:\/\/yoast.com\/product\/yoast-seo-wordpress\/ -->\n<title>SUGARELLA sokeritahna, Soft, 700g - Sugarella<\/title>\n<meta name=\"description\" content=\"SUGARELLA sokeritahna, Soft, 700g. Tekniikka: lasta ja manuaali. Tahna on vesiliukoinen. sopii jalkojen, k\u00e4sien ja sel\u00e4n karvanpoistoon.\" \/>\n<meta name=\"robots\" content=\"index, follow, max-snippet:-1, max-image-preview:large, max-video-preview:-1\" \/>\n<link rel=\"canonical\" href=\"https:\/\/sugarella.ee\/fi\/toode\/sugarella-sokeritahna-soft-700g\/\" \/>\n<meta property=\"og:locale\" content=\"fi_FI\" \/>\n<meta property=\"og:type\" content=\"article\" \/>\n<meta property=\"og:title\" content=\"SUGARELLA sokeritahna, Soft, 700g - Sugarella\" \/>\n<meta property=\"og:description\" content=\"SUGARELLA sokeritahna, Soft, 700g. Tekniikka: lasta ja manuaali. Tahna on vesiliukoinen. sopii jalkojen, k\u00e4sien ja sel\u00e4n karvanpoistoon.\" \/>\n<meta property=\"og:url\" content=\"https:\/\/sugarella.ee\/fi\/toode\/sugarella-sokeritahna-soft-700g\/\" \/>\n<meta property=\"og:site_name\" content=\"Sugarella\" \/>\n<meta property=\"article:publisher\" content=\"https:\/\/www.facebook.com\/profile.php?id=61577329389824\" \/>\n<meta property=\"article:modified_time\" content=\"2026-02-16T17:20:31+00:00\" \/>\n<meta name=\"twitter:card\" content=\"summary_large_image\" \/>\n<meta name=\"twitter:label1\" content=\"Arvioitu lukuaika\" \/>\n\t<meta name=\"twitter:data1\" content=\"2 minuuttia\" \/>\n<script type=\"application\/ld+json\" class=\"yoast-schema-graph\">{\"@context\":\"https:\\\/\\\/schema.org\",\"@graph\":[{\"@type\":\"WebPage\",\"@id\":\"https:\\\/\\\/sugarella.ee\\\/fi\\\/toode\\\/sugarella-sokeritahna-soft-700g\\\/\",\"url\":\"https:\\\/\\\/sugarella.ee\\\/fi\\\/toode\\\/sugarella-sokeritahna-soft-700g\\\/\",\"name\":\"SUGARELLA sokeritahna, Soft, 700g - Sugarella\",\"isPartOf\":{\"@id\":\"https:\\\/\\\/sugarella.ee\\\/fi\\\/#website\"},\"primaryImageOfPage\":{\"@id\":\"https:\\\/\\\/sugarella.ee\\\/fi\\\/toode\\\/sugarella-sokeritahna-soft-700g\\\/#primaryimage\"},\"image\":{\"@id\":\"https:\\\/\\\/sugarella.ee\\\/fi\\\/toode\\\/sugarella-sokeritahna-soft-700g\\\/#primaryimage\"},\"thumbnailUrl\":\"https:\\\/\\\/sugarella.ee\\\/wp-content\\\/uploads\\\/2026\\\/02\\\/2.jpg\",\"datePublished\":\"2025-10-27T09:54:41+00:00\",\"dateModified\":\"2026-02-16T17:20:31+00:00\",\"description\":\"SUGARELLA sokeritahna, Soft, 700g. Tekniikka: lasta ja manuaali. Tahna on vesiliukoinen. sopii jalkojen, k\u00e4sien ja sel\u00e4n karvanpoistoon.\",\"breadcrumb\":{\"@id\":\"https:\\\/\\\/sugarella.ee\\\/fi\\\/toode\\\/sugarella-sokeritahna-soft-700g\\\/#breadcrumb\"},\"inLanguage\":\"fi\",\"potentialAction\":[{\"@type\":\"ReadAction\",\"target\":[\"https:\\\/\\\/sugarella.ee\\\/fi\\\/toode\\\/sugarella-sokeritahna-soft-700g\\\/\"]}]},{\"@type\":\"ImageObject\",\"inLanguage\":\"fi\",\"@id\":\"https:\\\/\\\/sugarella.ee\\\/fi\\\/toode\\\/sugarella-sokeritahna-soft-700g\\\/#primaryimage\",\"url\":\"https:\\\/\\\/sugarella.ee\\\/wp-content\\\/uploads\\\/2026\\\/02\\\/2.jpg\",\"contentUrl\":\"https:\\\/\\\/sugarella.ee\\\/wp-content\\\/uploads\\\/2026\\\/02\\\/2.jpg\",\"width\":832,\"height\":1248,\"caption\":\"sugar paste soft\"},{\"@type\":\"BreadcrumbList\",\"@id\":\"https:\\\/\\\/sugarella.ee\\\/fi\\\/toode\\\/sugarella-sokeritahna-soft-700g\\\/#breadcrumb\",\"itemListElement\":[{\"@type\":\"ListItem\",\"position\":1,\"name\":\"Home\",\"item\":\"https:\\\/\\\/sugarella.ee\\\/fi\\\/\"},{\"@type\":\"ListItem\",\"position\":2,\"name\":\"Shop\",\"item\":\"https:\\\/\\\/sugarella.ee\\\/fi\\\/shop\\\/\"},{\"@type\":\"ListItem\",\"position\":3,\"name\":\"SUGARELLA sokeritahna, Soft, 700g\"}]},{\"@type\":\"WebSite\",\"@id\":\"https:\\\/\\\/sugarella.ee\\\/fi\\\/#website\",\"url\":\"https:\\\/\\\/sugarella.ee\\\/fi\\\/\",\"name\":\"Sugarella\",\"description\":\"N\u00e4o- ja kehahooldus, Ilutoodete e-pood\",\"publisher\":{\"@id\":\"https:\\\/\\\/sugarella.ee\\\/fi\\\/#organization\"},\"potentialAction\":[{\"@type\":\"SearchAction\",\"target\":{\"@type\":\"EntryPoint\",\"urlTemplate\":\"https:\\\/\\\/sugarella.ee\\\/fi\\\/?s={search_term_string}\"},\"query-input\":{\"@type\":\"PropertyValueSpecification\",\"valueRequired\":true,\"valueName\":\"search_term_string\"}}],\"inLanguage\":\"fi\"},{\"@type\":\"Organization\",\"@id\":\"https:\\\/\\\/sugarella.ee\\\/fi\\\/#organization\",\"name\":\"Evetar O\u00dc\",\"url\":\"https:\\\/\\\/sugarella.ee\\\/fi\\\/\",\"logo\":{\"@type\":\"ImageObject\",\"inLanguage\":\"fi\",\"@id\":\"https:\\\/\\\/sugarella.ee\\\/fi\\\/#\\\/schema\\\/logo\\\/image\\\/\",\"url\":\"https:\\\/\\\/sugarella.ee\\\/wp-content\\\/uploads\\\/2025\\\/08\\\/cropped-Pink-and-White-Simple-Watercolor-Business-Card-7.png\",\"contentUrl\":\"https:\\\/\\\/sugarella.ee\\\/wp-content\\\/uploads\\\/2025\\\/08\\\/cropped-Pink-and-White-Simple-Watercolor-Business-Card-7.png\",\"width\":928,\"height\":227,\"caption\":\"Evetar O\u00dc\"},\"image\":{\"@id\":\"https:\\\/\\\/sugarella.ee\\\/fi\\\/#\\\/schema\\\/logo\\\/image\\\/\"},\"sameAs\":[\"https:\\\/\\\/www.facebook.com\\\/profile.php?id=61577329389824\"]}]}<\/script>\n<!-- \/ Yoast SEO plugin. -->","yoast_head_json":{"title":"SUGARELLA sokeritahna, Soft, 700g - Sugarella","description":"SUGARELLA sokeritahna, Soft, 700g. Tekniikka: lasta ja manuaali. Tahna on vesiliukoinen. sopii jalkojen, k\u00e4sien ja sel\u00e4n karvanpoistoon.","robots":{"index":"index","follow":"follow","max-snippet":"max-snippet:-1","max-image-preview":"max-image-preview:large","max-video-preview":"max-video-preview:-1"},"canonical":"https:\/\/sugarella.ee\/fi\/toode\/sugarella-sokeritahna-soft-700g\/","og_locale":"fi_FI","og_type":"article","og_title":"SUGARELLA sokeritahna, Soft, 700g - Sugarella","og_description":"SUGARELLA sokeritahna, Soft, 700g. Tekniikka: lasta ja manuaali. Tahna on vesiliukoinen. sopii jalkojen, k\u00e4sien ja sel\u00e4n karvanpoistoon.","og_url":"https:\/\/sugarella.ee\/fi\/toode\/sugarella-sokeritahna-soft-700g\/","og_site_name":"Sugarella","article_publisher":"https:\/\/www.facebook.com\/profile.php?id=61577329389824","article_modified_time":"2026-02-16T17:20:31+00:00","twitter_card":"summary_large_image","twitter_misc":{"Arvioitu lukuaika":"2 minuuttia"},"schema":{"@context":"https:\/\/schema.org","@graph":[{"@type":"WebPage","@id":"https:\/\/sugarella.ee\/fi\/toode\/sugarella-sokeritahna-soft-700g\/","url":"https:\/\/sugarella.ee\/fi\/toode\/sugarella-sokeritahna-soft-700g\/","name":"SUGARELLA sokeritahna, Soft, 700g - Sugarella","isPartOf":{"@id":"https:\/\/sugarella.ee\/fi\/#website"},"primaryImageOfPage":{"@id":"https:\/\/sugarella.ee\/fi\/toode\/sugarella-sokeritahna-soft-700g\/#primaryimage"},"image":{"@id":"https:\/\/sugarella.ee\/fi\/toode\/sugarella-sokeritahna-soft-700g\/#primaryimage"},"thumbnailUrl":"https:\/\/sugarella.ee\/wp-content\/uploads\/2026\/02\/2.jpg","datePublished":"2025-10-27T09:54:41+00:00","dateModified":"2026-02-16T17:20:31+00:00","description":"SUGARELLA sokeritahna, Soft, 700g. Tekniikka: lasta ja manuaali. Tahna on vesiliukoinen. sopii jalkojen, k\u00e4sien ja sel\u00e4n karvanpoistoon.","breadcrumb":{"@id":"https:\/\/sugarella.ee\/fi\/toode\/sugarella-sokeritahna-soft-700g\/#breadcrumb"},"inLanguage":"fi","potentialAction":[{"@type":"ReadAction","target":["https:\/\/sugarella.ee\/fi\/toode\/sugarella-sokeritahna-soft-700g\/"]}]},{"@type":"ImageObject","inLanguage":"fi","@id":"https:\/\/sugarella.ee\/fi\/toode\/sugarella-sokeritahna-soft-700g\/#primaryimage","url":"https:\/\/sugarella.ee\/wp-content\/uploads\/2026\/02\/2.jpg","contentUrl":"https:\/\/sugarella.ee\/wp-content\/uploads\/2026\/02\/2.jpg","width":832,"height":1248,"caption":"sugar paste soft"},{"@type":"BreadcrumbList","@id":"https:\/\/sugarella.ee\/fi\/toode\/sugarella-sokeritahna-soft-700g\/#breadcrumb","itemListElement":[{"@type":"ListItem","position":1,"name":"Home","item":"https:\/\/sugarella.ee\/fi\/"},{"@type":"ListItem","position":2,"name":"Shop","item":"https:\/\/sugarella.ee\/fi\/shop\/"},{"@type":"ListItem","position":3,"name":"SUGARELLA sokeritahna, Soft, 700g"}]},{"@type":"WebSite","@id":"https:\/\/sugarella.ee\/fi\/#website","url":"https:\/\/sugarella.ee\/fi\/","name":"Sugarella","description":"N\u00e4o- ja kehahooldus, Ilutoodete e-pood","publisher":{"@id":"https:\/\/sugarella.ee\/fi\/#organization"},"potentialAction":[{"@type":"SearchAction","target":{"@type":"EntryPoint","urlTemplate":"https:\/\/sugarella.ee\/fi\/?s={search_term_string}"},"query-input":{"@type":"PropertyValueSpecification","valueRequired":true,"valueName":"search_term_string"}}],"inLanguage":"fi"},{"@type":"Organization","@id":"https:\/\/sugarella.ee\/fi\/#organization","name":"Evetar O\u00dc","url":"https:\/\/sugarella.ee\/fi\/","logo":{"@type":"ImageObject","inLanguage":"fi","@id":"https:\/\/sugarella.ee\/fi\/#\/schema\/logo\/image\/","url":"https:\/\/sugarella.ee\/wp-content\/uploads\/2025\/08\/cropped-Pink-and-White-Simple-Watercolor-Business-Card-7.png","contentUrl":"https:\/\/sugarella.ee\/wp-content\/uploads\/2025\/08\/cropped-Pink-and-White-Simple-Watercolor-Business-Card-7.png","width":928,"height":227,"caption":"Evetar O\u00dc"},"image":{"@id":"https:\/\/sugarella.ee\/fi\/#\/schema\/logo\/image\/"},"sameAs":["https:\/\/www.facebook.com\/profile.php?id=61577329389824"]}]}},"uagb_featured_image_src":{"full":["https:\/\/sugarella.ee\/wp-content\/uploads\/2026\/02\/2.jpg",832,1248,false],"thumbnail":["https:\/\/sugarella.ee\/wp-content\/uploads\/2026\/02\/2-150x150.jpg",150,150,true],"medium":["https:\/\/sugarella.ee\/wp-content\/uploads\/2026\/02\/2-200x300.jpg",200,300,true],"medium_large":["https:\/\/sugarella.ee\/wp-content\/uploads\/2026\/02\/2-768x1152.jpg",768,1152,true],"large":["https:\/\/sugarella.ee\/wp-content\/uploads\/2026\/02\/2-683x1024.jpg",683,1024,true],"1536x1536":["https:\/\/sugarella.ee\/wp-content\/uploads\/2026\/02\/2.jpg",832,1248,false],"2048x2048":["https:\/\/sugarella.ee\/wp-content\/uploads\/2026\/02\/2.jpg",832,1248,false],"woocommerce_thumbnail":["https:\/\/sugarella.ee\/wp-content\/uploads\/2026\/02\/2-600x600.jpg",600,600,true],"woocommerce_single":["https:\/\/sugarella.ee\/wp-content\/uploads\/2026\/02\/2-600x900.jpg",600,900,true],"woocommerce_gallery_thumbnail":["https:\/\/sugarella.ee\/wp-content\/uploads\/2026\/02\/2-100x100.jpg",100,100,true]},"uagb_author_info":{"display_name":"liia","author_link":"https:\/\/sugarella.ee\/fi\/author\/"},"uagb_comment_info":0,"uagb_excerpt":"sopii jalkojen, k\u00e4sien ja sel\u00e4n karvanpoistoon.","jetpack_sharing_enabled":true,"_links":{"self":[{"href":"https:\/\/sugarella.ee\/fi\/wp-json\/wp\/v2\/product\/3625","targetHints":{"allow":["GET"]}}],"collection":[{"href":"https:\/\/sugarella.ee\/fi\/wp-json\/wp\/v2\/product"}],"about":[{"href":"https:\/\/sugarella.ee\/fi\/wp-json\/wp\/v2\/types\/product"}],"wp:featuredmedia":[{"embeddable":true,"href":"https:\/\/sugarella.ee\/fi\/wp-json\/wp\/v2\/media\/3662"}],"wp:attachment":[{"href":"https:\/\/sugarella.ee\/fi\/wp-json\/wp\/v2\/media?parent=3625"}],"wp:term":[{"taxonomy":"product_brand","embeddable":true,"href":"https:\/\/sugarella.ee\/fi\/wp-json\/wp\/v2\/product_brand?post=3625"},{"taxonomy":"product_cat","embeddable":true,"href":"https:\/\/sugarella.ee\/fi\/wp-json\/wp\/v2\/product_cat?post=3625"},{"taxonomy":"product_tag","embeddable":true,"href":"https:\/\/sugarella.ee\/fi\/wp-json\/wp\/v2\/product_tag?post=3625"}],"curies":[{"name":"wp","href":"https:\/\/api.w.org\/{rel}","templated":true}]}}