{"id":3289,"date":"2025-10-27T12:55:54","date_gmt":"2025-10-27T10:55:54","guid":{"rendered":"https:\/\/sugarella.ee\/toode\/sugarella-sokeritahna-hard-700g\/"},"modified":"2026-02-12T11:24:03","modified_gmt":"2026-02-12T09:24:03","slug":"sugarella-sokeritahna-hard-700g","status":"publish","type":"product","link":"https:\/\/sugarella.ee\/fi\/toode\/sugarella-sokeritahna-hard-700g\/","title":{"rendered":"SUGARELLA sokeritahna, Hard, 700g"},"content":{"rendered":"<p>SUGARELLA sokeritahna, Hard, 700 g, sopii brasilialaiseen ja kainaloiden manuaaliseen karvanpoistoon.<\/p>\n<p><strong>Tekniikka:<\/strong> Manuaalinen.<br \/>\n<strong>Karvanpoistoalue<\/strong>: kaikki alueet.<br \/>\n<strong>K\u00e4ytt\u00f6l\u00e4mp\u00f6tila: <\/strong>35\u00b0\u0421-40\u00b0\u0421<\/p>\n<p>Tahna on paksua ja tarkoitettu 2\u20135 mm pitkien karvojen manuaaliseen sokerointiin. Tahnaa suositellaan k\u00e4ytett\u00e4v\u00e4ksi eritt\u00e4in l\u00e4mpimiss\u00e4, kosteissa ja huonosti ilmastoiduissa tiloissa. Sit\u00e4 k\u00e4ytet\u00e4\u00e4n my\u00f6s silloin, kun kosmetologin k\u00e4det ovat kuumat tai kun depiloitava alue on korkeammassa l\u00e4mp\u00f6tilassa ja kosteudessa, esimerkiksi bikinialue ja kainalot. Ei vahingoita ihoa.   <\/p>\n<p>Tahna on vesiliukoinen.<\/p>\n<p><strong>1. SuperSoft<\/strong> \u2013 Eritt\u00e4in pehme\u00e4 sokeripasta, joka on tarkoitettu karvanpoistoon<br \/>depilointipaperin avulla. Soveltuu k\u00e4ytett\u00e4v\u00e4ksi erityisesti silloin, kun hoitotila on hyvin viile\u00e4 tai kosmetologin k\u00e4det ovat kylm\u00e4t manuaalitekniikkaa k\u00e4ytett\u00e4ess\u00e4. Erinomainen valinta pitkien, 8\u201310 mm karvojen poistoon kuivilla ihoalueilla, kuten sel\u00e4ss\u00e4, k\u00e4siss\u00e4 ja jaloissa. Sopii my\u00f6s paksumpien sokeripastojen laimentamiseen. <\/p>\n<p><strong>2. Soft <\/strong>\u2013 (pehme\u00e4) \u2013 Pehme\u00e4 sokeripasta manuaaliseen tekniikkaan sek\u00e4 lasta- ja<br \/>depilointipaperimenetelm\u00e4\u00e4n. Soveltuu erinomaisesti jalkojen, k\u00e4sivarsien ja sel\u00e4n karvanpoistoon. Tasainen ja pehme\u00e4 koostumus takaa helpon k\u00e4sitelt\u00e4vyyden erityisesti viileiss\u00e4 hoitotiloissa tai silloin, kun kosmetologin k\u00e4det ovat kylm\u00e4t. <\/p>\n<p><strong>3. Soft Plus (keskipehme\u00e4)<\/strong> \u2013 Ammattik\u00e4ytt\u00f6\u00f6n suunniteltu, eritt\u00e4in plastinen sokeripasta<br \/>manuaalisiin ja lastalla teht\u00e4viin ekspressitekniikoihin. Soveltuu erinomaisesti my\u00f6s kainaloiden ja brasilialaisen karvanpoiston toteuttamiseen bandage-tekniikalla. Pehme\u00e4 ja joustava koostumus l\u00e4mpenee nopeasti kehon l\u00e4mp\u00f6tilaan ja poistaa tehokkaasti kaikki karvatyypit. Ihanteellinen valinta vaihteleviin ty\u00f6olosuhteisiin: kun hoitotila on viile\u00e4 ja kosmetologin k\u00e4det l\u00e4mpim\u00e4t tai kun tila on l\u00e4mmin ja k\u00e4det kylm\u00e4t. <\/p>\n<p><strong>4. Keskivahva<\/strong> \u2013 Universaali sokeripasta manuaaliseen ekspressitekniikkaan. T\u00e4m\u00e4 suosituin keskikovan koostumuksen omaava sokeripasta on suunniteltu 2\u20135 mm pituisten karvojen tehokkaaseen poistoon kaikilla kehon alueilla. <\/p>\n<p><strong>5. Kova (tihe\u00e4)<\/strong> \u2013 manuaalisiin tekniikoihin, brasilialaiseen hiustenk\u00e4sittelyyn ja kainaloihin.<\/p>\n<p><strong>6. Super Hard (ultrahartsi<\/strong>) &#8211; manuaalisiin tekniikoihin, brasilialaiseen hiustenk\u00e4sittelyyn ja kainaloihin.<\/p>\n","protected":false},"excerpt":{"rendered":"<p>SUGARELLA-sokeritahna, Hard, 700 g, sopii brasilialaiseen ja kainaloiden manuaaliseen karvanpoistoon.<\/p>\n","protected":false},"featured_media":3650,"template":"","meta":{"_surecart_dashboard_logo_width":"180px","_surecart_dashboard_show_logo":true,"_surecart_dashboard_navigation_orders":true,"_surecart_dashboard_navigation_invoices":true,"_surecart_dashboard_navigation_subscriptions":true,"_surecart_dashboard_navigation_downloads":true,"_surecart_dashboard_navigation_billing":true,"_surecart_dashboard_navigation_account":true,"_uag_custom_page_level_css":"","site-sidebar-layout":"default","site-content-layout":"","ast-site-content-layout":"default","site-content-style":"default","site-sidebar-style":"default","ast-global-header-display":"","ast-banner-title-visibility":"","ast-main-header-display":"","ast-hfb-above-header-display":"","ast-hfb-below-header-display":"","ast-hfb-mobile-header-display":"","site-post-title":"","ast-breadcrumbs-content":"","ast-featured-img":"","footer-sml-layout":"","ast-disable-related-posts":"","theme-transparent-header-meta":"default","adv-header-id-meta":"","stick-header-meta":"","header-above-stick-meta":"","header-main-stick-meta":"","header-below-stick-meta":"","astra-migrate-meta-layouts":"default","ast-page-background-enabled":"default","ast-page-background-meta":{"desktop":{"background-color":"var(--ast-global-color-4)","background-image":"","background-repeat":"repeat","background-position":"center center","background-size":"auto","background-attachment":"scroll","background-type":"","background-media":"","overlay-type":"","overlay-color":"","overlay-opacity":"","overlay-gradient":""},"tablet":{"background-color":"","background-image":"","background-repeat":"repeat","background-position":"center center","background-size":"auto","background-attachment":"scroll","background-type":"","background-media":"","overlay-type":"","overlay-color":"","overlay-opacity":"","overlay-gradient":""},"mobile":{"background-color":"","background-image":"","background-repeat":"repeat","background-position":"center center","background-size":"auto","background-attachment":"scroll","background-type":"","background-media":"","overlay-type":"","overlay-color":"","overlay-opacity":"","overlay-gradient":""}},"ast-content-background-meta":{"desktop":{"background-color":"var(--ast-global-color-5)","background-image":"","background-repeat":"repeat","background-position":"center center","background-size":"auto","background-attachment":"scroll","background-type":"","background-media":"","overlay-type":"","overlay-color":"","overlay-opacity":"","overlay-gradient":""},"tablet":{"background-color":"var(--ast-global-color-5)","background-image":"","background-repeat":"repeat","background-position":"center center","background-size":"auto","background-attachment":"scroll","background-type":"","background-media":"","overlay-type":"","overlay-color":"","overlay-opacity":"","overlay-gradient":""},"mobile":{"background-color":"var(--ast-global-color-5)","background-image":"","background-repeat":"repeat","background-position":"center center","background-size":"auto","background-attachment":"scroll","background-type":"","background-media":"","overlay-type":"","overlay-color":"","overlay-opacity":"","overlay-gradient":""}}},"product_brand":[],"product_cat":[109,108],"product_tag":[],"class_list":{"0":"post-3289","1":"product","2":"type-product","3":"status-publish","4":"has-post-thumbnail","6":"product_cat-karvanpoisto","7":"product_cat-vartalonhoito","8":"desktop-align-left","9":"tablet-align-left","10":"mobile-align-left","12":"first","13":"instock","14":"shipping-taxable","15":"purchasable","16":"product-type-simple"},"yoast_head":"<!-- This site is optimized with the Yoast SEO plugin v27.3 - https:\/\/yoast.com\/product\/yoast-seo-wordpress\/ -->\n<title>SUGARELLA sokeritahna, Hard, 700g - Sugarella<\/title>\n<meta name=\"description\" content=\"SUGARELLA-sokeritahna, Hard, 700 g, sopii brasilialaiseen ja kainaloiden manuaaliseen karvanpoistoon. Tahna on vesiliukoinen.\" \/>\n<meta name=\"robots\" content=\"index, follow, max-snippet:-1, max-image-preview:large, max-video-preview:-1\" \/>\n<link rel=\"canonical\" href=\"https:\/\/sugarella.ee\/fi\/toode\/sugarella-sokeritahna-hard-700g\/\" \/>\n<meta property=\"og:locale\" content=\"fi_FI\" \/>\n<meta property=\"og:type\" content=\"article\" \/>\n<meta property=\"og:title\" content=\"SUGARELLA sokeritahna, Hard, 700g - Sugarella\" \/>\n<meta property=\"og:description\" content=\"SUGARELLA-sokeritahna, Hard, 700 g, sopii brasilialaiseen ja kainaloiden manuaaliseen karvanpoistoon. Tahna on vesiliukoinen.\" \/>\n<meta property=\"og:url\" content=\"https:\/\/sugarella.ee\/fi\/toode\/sugarella-sokeritahna-hard-700g\/\" \/>\n<meta property=\"og:site_name\" content=\"Sugarella\" \/>\n<meta property=\"article:publisher\" content=\"https:\/\/www.facebook.com\/profile.php?id=61577329389824\" \/>\n<meta property=\"article:modified_time\" content=\"2026-02-12T09:24:03+00:00\" \/>\n<meta property=\"og:image\" content=\"https:\/\/sugarella.ee\/wp-content\/uploads\/2026\/02\/5.jpg\" \/>\n\t<meta property=\"og:image:width\" content=\"896\" \/>\n\t<meta property=\"og:image:height\" content=\"1152\" \/>\n\t<meta property=\"og:image:type\" content=\"image\/jpeg\" \/>\n<meta name=\"twitter:card\" content=\"summary_large_image\" \/>\n<meta name=\"twitter:label1\" content=\"Arvioitu lukuaika\" \/>\n\t<meta name=\"twitter:data1\" content=\"1 minuutti\" \/>\n<script type=\"application\/ld+json\" class=\"yoast-schema-graph\">{\"@context\":\"https:\\\/\\\/schema.org\",\"@graph\":[{\"@type\":\"WebPage\",\"@id\":\"https:\\\/\\\/sugarella.ee\\\/fi\\\/toode\\\/sugarella-sokeritahna-hard-700g\\\/\",\"url\":\"https:\\\/\\\/sugarella.ee\\\/fi\\\/toode\\\/sugarella-sokeritahna-hard-700g\\\/\",\"name\":\"SUGARELLA sokeritahna, Hard, 700g - Sugarella\",\"isPartOf\":{\"@id\":\"https:\\\/\\\/sugarella.ee\\\/fi\\\/#website\"},\"primaryImageOfPage\":{\"@id\":\"https:\\\/\\\/sugarella.ee\\\/fi\\\/toode\\\/sugarella-sokeritahna-hard-700g\\\/#primaryimage\"},\"image\":{\"@id\":\"https:\\\/\\\/sugarella.ee\\\/fi\\\/toode\\\/sugarella-sokeritahna-hard-700g\\\/#primaryimage\"},\"thumbnailUrl\":\"https:\\\/\\\/sugarella.ee\\\/wp-content\\\/uploads\\\/2026\\\/02\\\/5.jpg\",\"datePublished\":\"2025-10-27T10:55:54+00:00\",\"dateModified\":\"2026-02-12T09:24:03+00:00\",\"description\":\"SUGARELLA-sokeritahna, Hard, 700 g, sopii brasilialaiseen ja kainaloiden manuaaliseen karvanpoistoon. Tahna on vesiliukoinen.\",\"breadcrumb\":{\"@id\":\"https:\\\/\\\/sugarella.ee\\\/fi\\\/toode\\\/sugarella-sokeritahna-hard-700g\\\/#breadcrumb\"},\"inLanguage\":\"fi\",\"potentialAction\":[{\"@type\":\"ReadAction\",\"target\":[\"https:\\\/\\\/sugarella.ee\\\/fi\\\/toode\\\/sugarella-sokeritahna-hard-700g\\\/\"]}]},{\"@type\":\"ImageObject\",\"inLanguage\":\"fi\",\"@id\":\"https:\\\/\\\/sugarella.ee\\\/fi\\\/toode\\\/sugarella-sokeritahna-hard-700g\\\/#primaryimage\",\"url\":\"https:\\\/\\\/sugarella.ee\\\/wp-content\\\/uploads\\\/2026\\\/02\\\/5.jpg\",\"contentUrl\":\"https:\\\/\\\/sugarella.ee\\\/wp-content\\\/uploads\\\/2026\\\/02\\\/5.jpg\",\"width\":896,\"height\":1152,\"caption\":\"sugar paste hard\"},{\"@type\":\"BreadcrumbList\",\"@id\":\"https:\\\/\\\/sugarella.ee\\\/fi\\\/toode\\\/sugarella-sokeritahna-hard-700g\\\/#breadcrumb\",\"itemListElement\":[{\"@type\":\"ListItem\",\"position\":1,\"name\":\"Home\",\"item\":\"https:\\\/\\\/sugarella.ee\\\/fi\\\/\"},{\"@type\":\"ListItem\",\"position\":2,\"name\":\"Shop\",\"item\":\"https:\\\/\\\/sugarella.ee\\\/fi\\\/shop\\\/\"},{\"@type\":\"ListItem\",\"position\":3,\"name\":\"SUGARELLA sokeritahna, Hard, 700g\"}]},{\"@type\":\"WebSite\",\"@id\":\"https:\\\/\\\/sugarella.ee\\\/fi\\\/#website\",\"url\":\"https:\\\/\\\/sugarella.ee\\\/fi\\\/\",\"name\":\"Sugarella\",\"description\":\"N\u00e4o- ja kehahooldus, Ilutoodete e-pood\",\"publisher\":{\"@id\":\"https:\\\/\\\/sugarella.ee\\\/fi\\\/#organization\"},\"potentialAction\":[{\"@type\":\"SearchAction\",\"target\":{\"@type\":\"EntryPoint\",\"urlTemplate\":\"https:\\\/\\\/sugarella.ee\\\/fi\\\/?s={search_term_string}\"},\"query-input\":{\"@type\":\"PropertyValueSpecification\",\"valueRequired\":true,\"valueName\":\"search_term_string\"}}],\"inLanguage\":\"fi\"},{\"@type\":\"Organization\",\"@id\":\"https:\\\/\\\/sugarella.ee\\\/fi\\\/#organization\",\"name\":\"Evetar O\u00dc\",\"url\":\"https:\\\/\\\/sugarella.ee\\\/fi\\\/\",\"logo\":{\"@type\":\"ImageObject\",\"inLanguage\":\"fi\",\"@id\":\"https:\\\/\\\/sugarella.ee\\\/fi\\\/#\\\/schema\\\/logo\\\/image\\\/\",\"url\":\"https:\\\/\\\/sugarella.ee\\\/wp-content\\\/uploads\\\/2025\\\/08\\\/cropped-Pink-and-White-Simple-Watercolor-Business-Card-7.png\",\"contentUrl\":\"https:\\\/\\\/sugarella.ee\\\/wp-content\\\/uploads\\\/2025\\\/08\\\/cropped-Pink-and-White-Simple-Watercolor-Business-Card-7.png\",\"width\":928,\"height\":227,\"caption\":\"Evetar O\u00dc\"},\"image\":{\"@id\":\"https:\\\/\\\/sugarella.ee\\\/fi\\\/#\\\/schema\\\/logo\\\/image\\\/\"},\"sameAs\":[\"https:\\\/\\\/www.facebook.com\\\/profile.php?id=61577329389824\"]}]}<\/script>\n<!-- \/ Yoast SEO plugin. -->","yoast_head_json":{"title":"SUGARELLA sokeritahna, Hard, 700g - Sugarella","description":"SUGARELLA-sokeritahna, Hard, 700 g, sopii brasilialaiseen ja kainaloiden manuaaliseen karvanpoistoon. Tahna on vesiliukoinen.","robots":{"index":"index","follow":"follow","max-snippet":"max-snippet:-1","max-image-preview":"max-image-preview:large","max-video-preview":"max-video-preview:-1"},"canonical":"https:\/\/sugarella.ee\/fi\/toode\/sugarella-sokeritahna-hard-700g\/","og_locale":"fi_FI","og_type":"article","og_title":"SUGARELLA sokeritahna, Hard, 700g - Sugarella","og_description":"SUGARELLA-sokeritahna, Hard, 700 g, sopii brasilialaiseen ja kainaloiden manuaaliseen karvanpoistoon. Tahna on vesiliukoinen.","og_url":"https:\/\/sugarella.ee\/fi\/toode\/sugarella-sokeritahna-hard-700g\/","og_site_name":"Sugarella","article_publisher":"https:\/\/www.facebook.com\/profile.php?id=61577329389824","article_modified_time":"2026-02-12T09:24:03+00:00","og_image":[{"width":896,"height":1152,"url":"https:\/\/sugarella.ee\/wp-content\/uploads\/2026\/02\/5.jpg","type":"image\/jpeg"}],"twitter_card":"summary_large_image","twitter_misc":{"Arvioitu lukuaika":"1 minuutti"},"schema":{"@context":"https:\/\/schema.org","@graph":[{"@type":"WebPage","@id":"https:\/\/sugarella.ee\/fi\/toode\/sugarella-sokeritahna-hard-700g\/","url":"https:\/\/sugarella.ee\/fi\/toode\/sugarella-sokeritahna-hard-700g\/","name":"SUGARELLA sokeritahna, Hard, 700g - Sugarella","isPartOf":{"@id":"https:\/\/sugarella.ee\/fi\/#website"},"primaryImageOfPage":{"@id":"https:\/\/sugarella.ee\/fi\/toode\/sugarella-sokeritahna-hard-700g\/#primaryimage"},"image":{"@id":"https:\/\/sugarella.ee\/fi\/toode\/sugarella-sokeritahna-hard-700g\/#primaryimage"},"thumbnailUrl":"https:\/\/sugarella.ee\/wp-content\/uploads\/2026\/02\/5.jpg","datePublished":"2025-10-27T10:55:54+00:00","dateModified":"2026-02-12T09:24:03+00:00","description":"SUGARELLA-sokeritahna, Hard, 700 g, sopii brasilialaiseen ja kainaloiden manuaaliseen karvanpoistoon. Tahna on vesiliukoinen.","breadcrumb":{"@id":"https:\/\/sugarella.ee\/fi\/toode\/sugarella-sokeritahna-hard-700g\/#breadcrumb"},"inLanguage":"fi","potentialAction":[{"@type":"ReadAction","target":["https:\/\/sugarella.ee\/fi\/toode\/sugarella-sokeritahna-hard-700g\/"]}]},{"@type":"ImageObject","inLanguage":"fi","@id":"https:\/\/sugarella.ee\/fi\/toode\/sugarella-sokeritahna-hard-700g\/#primaryimage","url":"https:\/\/sugarella.ee\/wp-content\/uploads\/2026\/02\/5.jpg","contentUrl":"https:\/\/sugarella.ee\/wp-content\/uploads\/2026\/02\/5.jpg","width":896,"height":1152,"caption":"sugar paste hard"},{"@type":"BreadcrumbList","@id":"https:\/\/sugarella.ee\/fi\/toode\/sugarella-sokeritahna-hard-700g\/#breadcrumb","itemListElement":[{"@type":"ListItem","position":1,"name":"Home","item":"https:\/\/sugarella.ee\/fi\/"},{"@type":"ListItem","position":2,"name":"Shop","item":"https:\/\/sugarella.ee\/fi\/shop\/"},{"@type":"ListItem","position":3,"name":"SUGARELLA sokeritahna, Hard, 700g"}]},{"@type":"WebSite","@id":"https:\/\/sugarella.ee\/fi\/#website","url":"https:\/\/sugarella.ee\/fi\/","name":"Sugarella","description":"N\u00e4o- ja kehahooldus, Ilutoodete e-pood","publisher":{"@id":"https:\/\/sugarella.ee\/fi\/#organization"},"potentialAction":[{"@type":"SearchAction","target":{"@type":"EntryPoint","urlTemplate":"https:\/\/sugarella.ee\/fi\/?s={search_term_string}"},"query-input":{"@type":"PropertyValueSpecification","valueRequired":true,"valueName":"search_term_string"}}],"inLanguage":"fi"},{"@type":"Organization","@id":"https:\/\/sugarella.ee\/fi\/#organization","name":"Evetar O\u00dc","url":"https:\/\/sugarella.ee\/fi\/","logo":{"@type":"ImageObject","inLanguage":"fi","@id":"https:\/\/sugarella.ee\/fi\/#\/schema\/logo\/image\/","url":"https:\/\/sugarella.ee\/wp-content\/uploads\/2025\/08\/cropped-Pink-and-White-Simple-Watercolor-Business-Card-7.png","contentUrl":"https:\/\/sugarella.ee\/wp-content\/uploads\/2025\/08\/cropped-Pink-and-White-Simple-Watercolor-Business-Card-7.png","width":928,"height":227,"caption":"Evetar O\u00dc"},"image":{"@id":"https:\/\/sugarella.ee\/fi\/#\/schema\/logo\/image\/"},"sameAs":["https:\/\/www.facebook.com\/profile.php?id=61577329389824"]}]}},"uagb_featured_image_src":{"full":["https:\/\/sugarella.ee\/wp-content\/uploads\/2026\/02\/5.jpg",896,1152,false],"thumbnail":["https:\/\/sugarella.ee\/wp-content\/uploads\/2026\/02\/5-150x150.jpg",150,150,true],"medium":["https:\/\/sugarella.ee\/wp-content\/uploads\/2026\/02\/5-233x300.jpg",233,300,true],"medium_large":["https:\/\/sugarella.ee\/wp-content\/uploads\/2026\/02\/5-768x987.jpg",768,987,true],"large":["https:\/\/sugarella.ee\/wp-content\/uploads\/2026\/02\/5-796x1024.jpg",796,1024,true],"1536x1536":["https:\/\/sugarella.ee\/wp-content\/uploads\/2026\/02\/5.jpg",896,1152,false],"2048x2048":["https:\/\/sugarella.ee\/wp-content\/uploads\/2026\/02\/5.jpg",896,1152,false],"woocommerce_thumbnail":["https:\/\/sugarella.ee\/wp-content\/uploads\/2026\/02\/5-600x600.jpg",600,600,true],"woocommerce_single":["https:\/\/sugarella.ee\/wp-content\/uploads\/2026\/02\/5-600x771.jpg",600,771,true],"woocommerce_gallery_thumbnail":["https:\/\/sugarella.ee\/wp-content\/uploads\/2026\/02\/5-100x100.jpg",100,100,true]},"uagb_author_info":{"display_name":"liia","author_link":"https:\/\/sugarella.ee\/fi\/author\/"},"uagb_comment_info":0,"uagb_excerpt":"SUGARELLA-sokeritahna, Hard, 700 g, sopii brasilialaiseen ja kainaloiden manuaaliseen karvanpoistoon.","jetpack_sharing_enabled":true,"_links":{"self":[{"href":"https:\/\/sugarella.ee\/fi\/wp-json\/wp\/v2\/product\/3289","targetHints":{"allow":["GET"]}}],"collection":[{"href":"https:\/\/sugarella.ee\/fi\/wp-json\/wp\/v2\/product"}],"about":[{"href":"https:\/\/sugarella.ee\/fi\/wp-json\/wp\/v2\/types\/product"}],"wp:featuredmedia":[{"embeddable":true,"href":"https:\/\/sugarella.ee\/fi\/wp-json\/wp\/v2\/media\/3650"}],"wp:attachment":[{"href":"https:\/\/sugarella.ee\/fi\/wp-json\/wp\/v2\/media?parent=3289"}],"wp:term":[{"taxonomy":"product_brand","embeddable":true,"href":"https:\/\/sugarella.ee\/fi\/wp-json\/wp\/v2\/product_brand?post=3289"},{"taxonomy":"product_cat","embeddable":true,"href":"https:\/\/sugarella.ee\/fi\/wp-json\/wp\/v2\/product_cat?post=3289"},{"taxonomy":"product_tag","embeddable":true,"href":"https:\/\/sugarella.ee\/fi\/wp-json\/wp\/v2\/product_tag?post=3289"}],"curies":[{"name":"wp","href":"https:\/\/api.w.org\/{rel}","templated":true}]}}