{"id":3510,"date":"2026-01-13T16:58:22","date_gmt":"2026-01-13T14:58:22","guid":{"rendered":"https:\/\/sugarella.ee\/palaa-osoitteeseen\/"},"modified":"2026-02-21T19:03:17","modified_gmt":"2026-02-21T17:03:17","slug":"palaa-osoitteeseen","status":"publish","type":"page","link":"https:\/\/sugarella.ee\/fi\/palaa-osoitteeseen\/","title":{"rendered":"Palaa osoitteeseen"},"content":{"rendered":"\n<div class=\"wp-block-uagb-container uagb-block-c94fc148 alignfull uagb-is-root-container\"><div class=\"uagb-container-inner-blocks-wrap\">\n<div class=\"wp-block-uagb-info-box uagb-block-621cb77d uagb-infobox__content-wrap  uagb-infobox-icon-above-title uagb-infobox-image-valign-top\"><div class=\"uagb-ifb-content\"><div class=\"uagb-ifb-title-wrap\"><h1 class=\"uagb-ifb-title\">Palaa osoitteeseen<br\/><\/h1><\/div><p class=\"uagb-ifb-desc\">\u27a4 Tuote voidaan palauttaa 14 p\u00e4iv\u00e4n kuluessa sen vastaanottamisesta.<br\/><br\/>\u27a4 Jos haluat palauttaa tuotteen, l\u00e4het\u00e4 s\u00e4hk\u00f6posti osoitteeseen <strong>info.tellimus@gmail.com<\/strong>. Ilmoita viestiss\u00e4 tilausnumero, nimesi, tuotteen nimi ja palautuksen syy, viimeist\u00e4\u00e4n 14 p\u00e4iv\u00e4n kuluessa tuotteen vastaanottamisesta.<br\/><br\/>\u27a4 <strong>Palautettavan tuotteen tulee olla k\u00e4ytt\u00e4m\u00e4t\u00f6n, vahingoittumaton ja alkuper\u00e4ispakkauksessa<\/strong> <br\/><br\/>\u27a4 Tuotetta ei voi palauttaa, jos verkkokauppa ei pysty varmistamaan pakkauksen avaamattomuutta tai tuotteen k\u00e4ytt\u00e4m\u00e4tt\u00f6myytt\u00e4 (esim. tuotteessa ei ole foliota\/muovia korkin ymp\u00e4rill\u00e4).<br\/><br\/>\u27a4 Palautuskulut <strong>kattaa ostaja,<\/strong> ellei palautuksen syyn\u00e4 ole v\u00e4\u00e4r\u00e4 tuote tai toimitettu pakkaus, joka on vaurioitunut. <br\/><br\/>\u27a4 Palautettaessa tuotteita Verkkokauppa hyvitt\u00e4\u00e4 palautetun tuotteen hinnan ostajalle viipym\u00e4tt\u00e4, mutta viimeist\u00e4\u00e4n 14 p\u00e4iv\u00e4n kuluessa siit\u00e4 p\u00e4iv\u00e4st\u00e4, jona Verkkokauppa on saanut tiedon ostajan p\u00e4\u00e4t\u00f6ksest\u00e4 palauttaa tuote.<br\/><br\/><a href=\"https:\/\/sugarella.ee\/muugitingimused\/\" target=\"_blank\" rel=\"noreferrer noopener\">Myyntiehdot  <\/a><\/p><\/div><\/div>\n\n\n\n<div class=\"wp-block-uagb-advanced-heading uagb-block-6734a646\"><h6 class=\"uagb-heading-text\">Foto: https:\/<a href=\"https:\/\/leonardo.ai\/\" target=\"_blank\" rel=\"noreferrer noopener\">\/leonardo.ai\/<\/a><\/h6><\/div>\n<\/div><\/div>\n\n<div class=\"wp-block-uagb-image uagb-block-e79eeb73 wp-block-uagb-image--layout-default wp-block-uagb-image--effect-static wp-block-uagb-image--align-none\"><figure class=\"wp-block-uagb-image__figure\"><img decoding=\"async\" srcset=\"https:\/\/sugarella.ee\/wp-content\/uploads\/2026\/01\/tagastamine-1024x1024.jpg ,https:\/\/sugarella.ee\/wp-content\/uploads\/2026\/01\/tagastamine.jpg 780w, https:\/\/sugarella.ee\/wp-content\/uploads\/2026\/01\/tagastamine.jpg 360w\" sizes=\"auto, (max-width: 480px) 150px\" src=\"https:\/\/sugarella.ee\/wp-content\/uploads\/2026\/01\/tagastamine-1024x1024.jpg\" alt=\"Palaa osoitteeseen\" class=\"uag-image-3342\" width=\"700\" height=\"700\" title=\"Palaa osoitteeseen\" loading=\"lazy\" role=\"img\"><\/figure><\/div>\n\n<div class=\"wp-block-uagb-buttons uagb-buttons__outer-wrap uagb-btn__large-btn uagb-btn-tablet__default-btn uagb-btn-mobile__default-btn uagb-block-eac9ac86\"><div class=\"uagb-buttons__wrap uagb-buttons-layout-wrap \">\n<div class=\"wp-block-uagb-buttons-child uagb-buttons__outer-wrap uagb-block-12dfdfb4 wp-block-button\"><div class=\"uagb-button__wrapper\"><a class=\"uagb-buttons-repeater wp-block-button__link\" aria-label=\"\" href=\"https:\/\/sugarella.ee\/fi\/shop\/\" rel=\"follow noopener\" target=\"_blank\" role=\"button\"><div class=\"uagb-button__link\">OSTA<\/div><span class=\"uagb-button__icon uagb-button__icon-position-after\"><svg xmlns=\"https:\/\/www.w3.org\/2000\/svg\" viewbox=\"0 0 448 512\" aria-hidden=\"true\" focussable=\"false\"><path d=\"M438.6 278.6l-160 160C272.4 444.9 264.2 448 256 448s-16.38-3.125-22.62-9.375c-12.5-12.5-12.5-32.75 0-45.25L338.8 288H32C14.33 288 .0016 273.7 .0016 256S14.33 224 32 224h306.8l-105.4-105.4c-12.5-12.5-12.5-32.75 0-45.25s32.75-12.5 45.25 0l160 160C451.1 245.9 451.1 266.1 438.6 278.6z\"><\/path><\/svg><\/span><\/a><\/div><\/div>\n<\/div><\/div>\n","protected":false},"excerpt":{"rendered":"<p>Foto: https:\/\/leonardo.ai\/<\/p>\n","protected":false},"author":2,"featured_media":0,"parent":0,"menu_order":0,"comment_status":"closed","ping_status":"closed","template":"","meta":{"_surecart_dashboard_logo_width":"180px","_surecart_dashboard_show_logo":true,"_surecart_dashboard_navigation_orders":true,"_surecart_dashboard_navigation_invoices":true,"_surecart_dashboard_navigation_subscriptions":true,"_surecart_dashboard_navigation_downloads":true,"_surecart_dashboard_navigation_billing":true,"_surecart_dashboard_navigation_account":true,"_uag_custom_page_level_css":"","site-sidebar-layout":"default","site-content-layout":"","ast-site-content-layout":"normal-width-container","site-content-style":"boxed","site-sidebar-style":"default","ast-global-header-display":"","ast-banner-title-visibility":"","ast-main-header-display":"","ast-hfb-above-header-display":"","ast-hfb-below-header-display":"","ast-hfb-mobile-header-display":"","site-post-title":"disabled","ast-breadcrumbs-content":"","ast-featured-img":"","footer-sml-layout":"","ast-disable-related-posts":"","theme-transparent-header-meta":"","adv-header-id-meta":"","stick-header-meta":"","header-above-stick-meta":"","header-main-stick-meta":"","header-below-stick-meta":"","astra-migrate-meta-layouts":"default","ast-page-background-enabled":"default","ast-page-background-meta":{"desktop":{"background-color":"var(--ast-global-color-4)","background-image":"","background-repeat":"repeat","background-position":"center center","background-size":"auto","background-attachment":"scroll","background-type":"","background-media":"","overlay-type":"","overlay-color":"","overlay-opacity":"","overlay-gradient":""},"tablet":{"background-color":"","background-image":"","background-repeat":"repeat","background-position":"center center","background-size":"auto","background-attachment":"scroll","background-type":"","background-media":"","overlay-type":"","overlay-color":"","overlay-opacity":"","overlay-gradient":""},"mobile":{"background-color":"","background-image":"","background-repeat":"repeat","background-position":"center center","background-size":"auto","background-attachment":"scroll","background-type":"","background-media":"","overlay-type":"","overlay-color":"","overlay-opacity":"","overlay-gradient":""}},"ast-content-background-meta":{"desktop":{"background-color":"var(--ast-global-color-5)","background-image":"","background-repeat":"repeat","background-position":"center center","background-size":"auto","background-attachment":"scroll","background-type":"","background-media":"","overlay-type":"","overlay-color":"","overlay-opacity":"","overlay-gradient":""},"tablet":{"background-color":"var(--ast-global-color-5)","background-image":"","background-repeat":"repeat","background-position":"center center","background-size":"auto","background-attachment":"scroll","background-type":"","background-media":"","overlay-type":"","overlay-color":"","overlay-opacity":"","overlay-gradient":""},"mobile":{"background-color":"var(--ast-global-color-5)","background-image":"","background-repeat":"repeat","background-position":"center center","background-size":"auto","background-attachment":"scroll","background-type":"","background-media":"","overlay-type":"","overlay-color":"","overlay-opacity":"","overlay-gradient":""}},"footnotes":""},"class_list":["post-3510","page","type-page","status-publish","hentry"],"yoast_head":"<!-- This site is optimized with the Yoast SEO plugin v27.3 - https:\/\/yoast.com\/product\/yoast-seo-wordpress\/ -->\n<title>Palaa osoitteeseen - Sugarella<\/title>\n<meta name=\"description\" content=\"Palaa osoitteeseen. Tilauksen vastaanottamisen j\u00e4lkeen tuotteet voidaan palauttaa 14 p\u00e4iv\u00e4n kuluessa. L\u00e4het\u00e4 s\u00e4hk\u00f6postia palautuspyynn\u00f6st\u00e4.\" \/>\n<meta name=\"robots\" content=\"index, follow, max-snippet:-1, max-image-preview:large, max-video-preview:-1\" \/>\n<link rel=\"canonical\" href=\"https:\/\/sugarella.ee\/fi\/palaa-osoitteeseen\/\" \/>\n<meta property=\"og:locale\" content=\"fi_FI\" \/>\n<meta property=\"og:type\" content=\"article\" \/>\n<meta property=\"og:title\" content=\"Palaa osoitteeseen - Sugarella\" \/>\n<meta property=\"og:description\" content=\"Palaa osoitteeseen. Tilauksen vastaanottamisen j\u00e4lkeen tuotteet voidaan palauttaa 14 p\u00e4iv\u00e4n kuluessa. L\u00e4het\u00e4 s\u00e4hk\u00f6postia palautuspyynn\u00f6st\u00e4.\" \/>\n<meta property=\"og:url\" content=\"https:\/\/sugarella.ee\/fi\/palaa-osoitteeseen\/\" \/>\n<meta property=\"og:site_name\" content=\"Sugarella\" \/>\n<meta property=\"article:publisher\" content=\"https:\/\/www.facebook.com\/profile.php?id=61577329389824\" \/>\n<meta property=\"article:modified_time\" content=\"2026-02-21T17:03:17+00:00\" \/>\n<meta property=\"og:image\" content=\"https:\/\/sugarella.ee\/wp-content\/uploads\/2026\/01\/tagastamine-1024x1024.jpg\" \/>\n<meta name=\"twitter:card\" content=\"summary_large_image\" \/>\n<meta name=\"twitter:label1\" content=\"Arvioitu lukuaika\" \/>\n\t<meta name=\"twitter:data1\" content=\"1 minuutti\" \/>\n<script type=\"application\/ld+json\" class=\"yoast-schema-graph\">{\"@context\":\"https:\\\/\\\/schema.org\",\"@graph\":[{\"@type\":\"WebPage\",\"@id\":\"https:\\\/\\\/sugarella.ee\\\/fi\\\/palaa-osoitteeseen\\\/\",\"url\":\"https:\\\/\\\/sugarella.ee\\\/fi\\\/palaa-osoitteeseen\\\/\",\"name\":\"Palaa osoitteeseen - Sugarella\",\"isPartOf\":{\"@id\":\"https:\\\/\\\/sugarella.ee\\\/fi\\\/#website\"},\"primaryImageOfPage\":{\"@id\":\"https:\\\/\\\/sugarella.ee\\\/fi\\\/palaa-osoitteeseen\\\/#primaryimage\"},\"image\":{\"@id\":\"https:\\\/\\\/sugarella.ee\\\/fi\\\/palaa-osoitteeseen\\\/#primaryimage\"},\"thumbnailUrl\":\"https:\\\/\\\/sugarella.ee\\\/wp-content\\\/uploads\\\/2026\\\/01\\\/tagastamine-1024x1024.jpg\",\"datePublished\":\"2026-01-13T14:58:22+00:00\",\"dateModified\":\"2026-02-21T17:03:17+00:00\",\"description\":\"Palaa osoitteeseen. Tilauksen vastaanottamisen j\u00e4lkeen tuotteet voidaan palauttaa 14 p\u00e4iv\u00e4n kuluessa. L\u00e4het\u00e4 s\u00e4hk\u00f6postia palautuspyynn\u00f6st\u00e4.\",\"breadcrumb\":{\"@id\":\"https:\\\/\\\/sugarella.ee\\\/fi\\\/palaa-osoitteeseen\\\/#breadcrumb\"},\"inLanguage\":\"fi\",\"potentialAction\":[{\"@type\":\"ReadAction\",\"target\":[\"https:\\\/\\\/sugarella.ee\\\/fi\\\/palaa-osoitteeseen\\\/\"]}]},{\"@type\":\"ImageObject\",\"inLanguage\":\"fi\",\"@id\":\"https:\\\/\\\/sugarella.ee\\\/fi\\\/palaa-osoitteeseen\\\/#primaryimage\",\"url\":\"https:\\\/\\\/sugarella.ee\\\/wp-content\\\/uploads\\\/2026\\\/01\\\/tagastamine-1024x1024.jpg\",\"contentUrl\":\"https:\\\/\\\/sugarella.ee\\\/wp-content\\\/uploads\\\/2026\\\/01\\\/tagastamine-1024x1024.jpg\"},{\"@type\":\"BreadcrumbList\",\"@id\":\"https:\\\/\\\/sugarella.ee\\\/fi\\\/palaa-osoitteeseen\\\/#breadcrumb\",\"itemListElement\":[{\"@type\":\"ListItem\",\"position\":1,\"name\":\"Home\",\"item\":\"https:\\\/\\\/sugarella.ee\\\/fi\\\/\"},{\"@type\":\"ListItem\",\"position\":2,\"name\":\"Palaa osoitteeseen\"}]},{\"@type\":\"WebSite\",\"@id\":\"https:\\\/\\\/sugarella.ee\\\/fi\\\/#website\",\"url\":\"https:\\\/\\\/sugarella.ee\\\/fi\\\/\",\"name\":\"Sugarella\",\"description\":\"N\u00e4o- ja kehahooldus, Ilutoodete e-pood\",\"publisher\":{\"@id\":\"https:\\\/\\\/sugarella.ee\\\/fi\\\/#organization\"},\"potentialAction\":[{\"@type\":\"SearchAction\",\"target\":{\"@type\":\"EntryPoint\",\"urlTemplate\":\"https:\\\/\\\/sugarella.ee\\\/fi\\\/?s={search_term_string}\"},\"query-input\":{\"@type\":\"PropertyValueSpecification\",\"valueRequired\":true,\"valueName\":\"search_term_string\"}}],\"inLanguage\":\"fi\"},{\"@type\":\"Organization\",\"@id\":\"https:\\\/\\\/sugarella.ee\\\/fi\\\/#organization\",\"name\":\"Evetar O\u00dc\",\"url\":\"https:\\\/\\\/sugarella.ee\\\/fi\\\/\",\"logo\":{\"@type\":\"ImageObject\",\"inLanguage\":\"fi\",\"@id\":\"https:\\\/\\\/sugarella.ee\\\/fi\\\/#\\\/schema\\\/logo\\\/image\\\/\",\"url\":\"https:\\\/\\\/sugarella.ee\\\/wp-content\\\/uploads\\\/2025\\\/08\\\/cropped-Pink-and-White-Simple-Watercolor-Business-Card-7.png\",\"contentUrl\":\"https:\\\/\\\/sugarella.ee\\\/wp-content\\\/uploads\\\/2025\\\/08\\\/cropped-Pink-and-White-Simple-Watercolor-Business-Card-7.png\",\"width\":928,\"height\":227,\"caption\":\"Evetar O\u00dc\"},\"image\":{\"@id\":\"https:\\\/\\\/sugarella.ee\\\/fi\\\/#\\\/schema\\\/logo\\\/image\\\/\"},\"sameAs\":[\"https:\\\/\\\/www.facebook.com\\\/profile.php?id=61577329389824\"]}]}<\/script>\n<!-- \/ Yoast SEO plugin. -->","yoast_head_json":{"title":"Palaa osoitteeseen - Sugarella","description":"Palaa osoitteeseen. Tilauksen vastaanottamisen j\u00e4lkeen tuotteet voidaan palauttaa 14 p\u00e4iv\u00e4n kuluessa. L\u00e4het\u00e4 s\u00e4hk\u00f6postia palautuspyynn\u00f6st\u00e4.","robots":{"index":"index","follow":"follow","max-snippet":"max-snippet:-1","max-image-preview":"max-image-preview:large","max-video-preview":"max-video-preview:-1"},"canonical":"https:\/\/sugarella.ee\/fi\/palaa-osoitteeseen\/","og_locale":"fi_FI","og_type":"article","og_title":"Palaa osoitteeseen - Sugarella","og_description":"Palaa osoitteeseen. Tilauksen vastaanottamisen j\u00e4lkeen tuotteet voidaan palauttaa 14 p\u00e4iv\u00e4n kuluessa. L\u00e4het\u00e4 s\u00e4hk\u00f6postia palautuspyynn\u00f6st\u00e4.","og_url":"https:\/\/sugarella.ee\/fi\/palaa-osoitteeseen\/","og_site_name":"Sugarella","article_publisher":"https:\/\/www.facebook.com\/profile.php?id=61577329389824","article_modified_time":"2026-02-21T17:03:17+00:00","og_image":[{"url":"https:\/\/sugarella.ee\/wp-content\/uploads\/2026\/01\/tagastamine-1024x1024.jpg","type":"","width":"","height":""}],"twitter_card":"summary_large_image","twitter_misc":{"Arvioitu lukuaika":"1 minuutti"},"schema":{"@context":"https:\/\/schema.org","@graph":[{"@type":"WebPage","@id":"https:\/\/sugarella.ee\/fi\/palaa-osoitteeseen\/","url":"https:\/\/sugarella.ee\/fi\/palaa-osoitteeseen\/","name":"Palaa osoitteeseen - Sugarella","isPartOf":{"@id":"https:\/\/sugarella.ee\/fi\/#website"},"primaryImageOfPage":{"@id":"https:\/\/sugarella.ee\/fi\/palaa-osoitteeseen\/#primaryimage"},"image":{"@id":"https:\/\/sugarella.ee\/fi\/palaa-osoitteeseen\/#primaryimage"},"thumbnailUrl":"https:\/\/sugarella.ee\/wp-content\/uploads\/2026\/01\/tagastamine-1024x1024.jpg","datePublished":"2026-01-13T14:58:22+00:00","dateModified":"2026-02-21T17:03:17+00:00","description":"Palaa osoitteeseen. Tilauksen vastaanottamisen j\u00e4lkeen tuotteet voidaan palauttaa 14 p\u00e4iv\u00e4n kuluessa. L\u00e4het\u00e4 s\u00e4hk\u00f6postia palautuspyynn\u00f6st\u00e4.","breadcrumb":{"@id":"https:\/\/sugarella.ee\/fi\/palaa-osoitteeseen\/#breadcrumb"},"inLanguage":"fi","potentialAction":[{"@type":"ReadAction","target":["https:\/\/sugarella.ee\/fi\/palaa-osoitteeseen\/"]}]},{"@type":"ImageObject","inLanguage":"fi","@id":"https:\/\/sugarella.ee\/fi\/palaa-osoitteeseen\/#primaryimage","url":"https:\/\/sugarella.ee\/wp-content\/uploads\/2026\/01\/tagastamine-1024x1024.jpg","contentUrl":"https:\/\/sugarella.ee\/wp-content\/uploads\/2026\/01\/tagastamine-1024x1024.jpg"},{"@type":"BreadcrumbList","@id":"https:\/\/sugarella.ee\/fi\/palaa-osoitteeseen\/#breadcrumb","itemListElement":[{"@type":"ListItem","position":1,"name":"Home","item":"https:\/\/sugarella.ee\/fi\/"},{"@type":"ListItem","position":2,"name":"Palaa osoitteeseen"}]},{"@type":"WebSite","@id":"https:\/\/sugarella.ee\/fi\/#website","url":"https:\/\/sugarella.ee\/fi\/","name":"Sugarella","description":"N\u00e4o- ja kehahooldus, Ilutoodete e-pood","publisher":{"@id":"https:\/\/sugarella.ee\/fi\/#organization"},"potentialAction":[{"@type":"SearchAction","target":{"@type":"EntryPoint","urlTemplate":"https:\/\/sugarella.ee\/fi\/?s={search_term_string}"},"query-input":{"@type":"PropertyValueSpecification","valueRequired":true,"valueName":"search_term_string"}}],"inLanguage":"fi"},{"@type":"Organization","@id":"https:\/\/sugarella.ee\/fi\/#organization","name":"Evetar O\u00dc","url":"https:\/\/sugarella.ee\/fi\/","logo":{"@type":"ImageObject","inLanguage":"fi","@id":"https:\/\/sugarella.ee\/fi\/#\/schema\/logo\/image\/","url":"https:\/\/sugarella.ee\/wp-content\/uploads\/2025\/08\/cropped-Pink-and-White-Simple-Watercolor-Business-Card-7.png","contentUrl":"https:\/\/sugarella.ee\/wp-content\/uploads\/2025\/08\/cropped-Pink-and-White-Simple-Watercolor-Business-Card-7.png","width":928,"height":227,"caption":"Evetar O\u00dc"},"image":{"@id":"https:\/\/sugarella.ee\/fi\/#\/schema\/logo\/image\/"},"sameAs":["https:\/\/www.facebook.com\/profile.php?id=61577329389824"]}]}},"uagb_featured_image_src":{"full":false,"thumbnail":false,"medium":false,"medium_large":false,"large":false,"1536x1536":false,"2048x2048":false,"woocommerce_thumbnail":false,"woocommerce_single":false,"woocommerce_gallery_thumbnail":false},"uagb_author_info":{"display_name":"liia","author_link":"https:\/\/sugarella.ee\/fi\/author\/liia\/"},"uagb_comment_info":0,"uagb_excerpt":"Foto: https:\/\/leonardo.ai\/","jetpack_sharing_enabled":true,"_links":{"self":[{"href":"https:\/\/sugarella.ee\/fi\/wp-json\/wp\/v2\/pages\/3510","targetHints":{"allow":["GET"]}}],"collection":[{"href":"https:\/\/sugarella.ee\/fi\/wp-json\/wp\/v2\/pages"}],"about":[{"href":"https:\/\/sugarella.ee\/fi\/wp-json\/wp\/v2\/types\/page"}],"author":[{"embeddable":true,"href":"https:\/\/sugarella.ee\/fi\/wp-json\/wp\/v2\/users\/2"}],"replies":[{"embeddable":true,"href":"https:\/\/sugarella.ee\/fi\/wp-json\/wp\/v2\/comments?post=3510"}],"version-history":[{"count":7,"href":"https:\/\/sugarella.ee\/fi\/wp-json\/wp\/v2\/pages\/3510\/revisions"}],"predecessor-version":[{"id":3787,"href":"https:\/\/sugarella.ee\/fi\/wp-json\/wp\/v2\/pages\/3510\/revisions\/3787"}],"wp:attachment":[{"href":"https:\/\/sugarella.ee\/fi\/wp-json\/wp\/v2\/media?parent=3510"}],"curies":[{"name":"wp","href":"https:\/\/api.w.org\/{rel}","templated":true}]}}