{"id":3493,"date":"2026-01-09T20:48:54","date_gmt":"2026-01-09T18:48:54","guid":{"rendered":"https:\/\/sugarella.ee\/tilaaminen\/"},"modified":"2026-02-21T19:10:40","modified_gmt":"2026-02-21T17:10:40","slug":"tilaaminen","status":"publish","type":"page","link":"https:\/\/sugarella.ee\/fi\/tilaaminen\/","title":{"rendered":"Tilaaminen"},"content":{"rendered":"\n<div class=\"wp-block-uagb-container uagb-block-bc47eb7f alignfull uagb-is-root-container\"><div class=\"uagb-container-inner-blocks-wrap\"><\/div><\/div>\n\n<div class=\"wp-block-uagb-container uagb-block-d53b1775 alignfull uagb-is-root-container\"><div class=\"uagb-container-inner-blocks-wrap\"><\/div><\/div>\n\n<div class=\"wp-block-uagb-container uagb-block-fbcd423e alignfull uagb-is-root-container\"><div class=\"uagb-container-inner-blocks-wrap\">\n<div class=\"wp-block-uagb-info-box uagb-block-9a72f491 uagb-infobox__content-wrap  uagb-infobox-icon-above-title uagb-infobox-image-valign-top\"><div class=\"uagb-ifb-content\"><div class=\"uagb-ifb-title-wrap\"><h1 class=\"uagb-ifb-title\">Tilaaminen<br\/><\/h1><\/div><p class=\"uagb-ifb-desc\">\u27a4 Lis\u00e4\u00e4 haluamasi tuotteet ostoskoriin tilataksesi ne. <br\/><br\/>\u27a4 Tilauksen tekemiseksi t\u00e4yt\u00e4 pakolliset tiedot ja valitse sopiva toimitustapa tuotteille. <br\/><br\/>\u27a4 Sen j\u00e4lkeen n\u00e4yt\u00f6lle ilmestyy maksettava summa, jonka voit suorittaa turvallisesti seuraavilla maksutavoilla:<br\/><br\/><span style=\"text-decoration: underline;\">Pankkipalvelut linkin kautta: <\/span><br\/><strong>Viro-pankkilinkit:<\/strong> Swedbank, SEB, Luminor, LHV, Coop Pank, Citadele, Revolut<br\/><br\/><br\/><strong>Latvia-pankkilinkit<\/strong>: Swedbank, SEB, Luminor, Citadele, Revolut<br\/><strong>Liettua-pankkilinkit:<\/strong> Swedbank, SEB, Luminor, Citadele, \u0160iauli\u0173 Bankas, Medicinos Bankas<br\/><br\/><span style=\"text-decoration: underline;\">Tilisiirrolla:<\/span><br\/>Tee siirto pankkitilillemme <strong>EVETAR O\u00dc EE542200221093997705<\/strong>. K\u00e4yt\u00e4 maksun selvityksess\u00e4 tilausnumeroa. Tilaustasi ei l\u00e4hetet\u00e4 ennen kuin rahat ovat vastaanotettu. <br\/><br\/><strong>Click to Pay<\/strong> -palvelun ja <strong>Google Payn<\/strong> kautta.<br\/><br\/>     <strong><span style=\"text-decoration: underline;\">HUOM! Kun maksat pankkilinkin kautta, muista painaa pankin sivulla nappia \u201eTakaisin kauppiaalle\u201d <\/span><\/strong><br\/><br\/>\u27a4 Maksu suoritetaan verkkokaupan ulkopuolella turvallisessa ymp\u00e4rist\u00f6ss\u00e4 \u2013 pankki linkin kautta maksettaessa vastaavan pankin turvallisessa ymp\u00e4rist\u00f6ss\u00e4. <br\/><br\/>\u27a4 Sopimus astuu voimaan siit\u00e4 hetkest\u00e4, kun maksettava summa on vastaanotettu verkkokaupan tilille.<br\/><br\/>\u27a4 Jos tilattua tuotetta ei voida toimittaa tuotteen loppumisen tai muun syyn vuoksi, ostajalle ilmoitetaan siit\u00e4 mahdollisimman pian, ja maksettu summa (mukaan lukien toimituskulut) palautetaan viipym\u00e4tt\u00e4, kuitenkin viimeist\u00e4\u00e4n 14 p\u00e4iv\u00e4n kuluessa ilmoituksen l\u00e4hett\u00e4misest\u00e4.<br\/><br\/><a href=\"https:\/\/sugarella.ee\/muugitingimused\/\" target=\"_blank\" rel=\"noreferrer noopener\">Myyntiehdot <\/a><br\/><\/p><\/div><\/div>\n\n\n\n<div class=\"wp-block-uagb-advanced-heading uagb-block-0c0409f8\"><h6 class=\"uagb-heading-text\">Foto: <a href=\"https:\/\/leonardo.ai\/\" target=\"_blank\" rel=\"noreferrer noopener\">LeonardoAI<\/a><\/h6><\/div>\n<\/div><\/div>\n\n<div class=\"wp-block-uagb-image aligncenter uagb-block-94cd756c wp-block-uagb-image--layout-default wp-block-uagb-image--effect-static wp-block-uagb-image--align-center\"><figure class=\"wp-block-uagb-image__figure\"><img decoding=\"async\" srcset=\"https:\/\/sugarella.ee\/wp-content\/uploads\/2026\/01\/sugarella-tellimine-1-1024x1024.jpg ,https:\/\/sugarella.ee\/wp-content\/uploads\/2026\/01\/sugarella-tellimine-1.jpg 780w, https:\/\/sugarella.ee\/wp-content\/uploads\/2026\/01\/sugarella-tellimine-1.jpg 360w\" sizes=\"auto, (max-width: 480px) 150px\" src=\"https:\/\/sugarella.ee\/wp-content\/uploads\/2026\/01\/sugarella-tellimine-1-1024x1024.jpg\" alt=\"sugarella Tilaaminen\" class=\"uag-image-3317\" width=\"900\" height=\"900\" title=\"sugarella Tilaaminen\" loading=\"lazy\" role=\"img\"><\/figure><\/div>\n\n<div class=\"wp-block-uagb-buttons uagb-buttons__outer-wrap uagb-btn__default-btn uagb-btn-tablet__default-btn uagb-btn-mobile__default-btn uagb-block-8643cfca\"><div class=\"uagb-buttons__wrap uagb-buttons-layout-wrap \">\n<div class=\"wp-block-uagb-buttons-child uagb-buttons__outer-wrap uagb-block-3e42d0fc wp-block-button\"><div class=\"uagb-button__wrapper\"><a class=\"uagb-buttons-repeater wp-block-button__link\" aria-label=\"\" href=\"https:\/\/sugarella.ee\/fi\/shop\/\" rel=\"follow noopener\" target=\"_blank\" role=\"button\"><div class=\"uagb-button__link\">OSTA<\/div><span class=\"uagb-button__icon uagb-button__icon-position-after\"><svg xmlns=\"https:\/\/www.w3.org\/2000\/svg\" viewbox=\"0 0 448 512\" aria-hidden=\"true\" focussable=\"false\"><path d=\"M438.6 278.6l-160 160C272.4 444.9 264.2 448 256 448s-16.38-3.125-22.62-9.375c-12.5-12.5-12.5-32.75 0-45.25L338.8 288H32C14.33 288 .0016 273.7 .0016 256S14.33 224 32 224h306.8l-105.4-105.4c-12.5-12.5-12.5-32.75 0-45.25s32.75-12.5 45.25 0l160 160C451.1 245.9 451.1 266.1 438.6 278.6z\"><\/path><\/svg><\/span><\/a><\/div><\/div>\n<\/div><\/div>\n\n<p><\/p>\n","protected":false},"excerpt":{"rendered":"<p>Foto: LeonardoAI<\/p>\n","protected":false},"author":2,"featured_media":0,"parent":0,"menu_order":0,"comment_status":"closed","ping_status":"closed","template":"","meta":{"_surecart_dashboard_logo_width":"180px","_surecart_dashboard_show_logo":true,"_surecart_dashboard_navigation_orders":true,"_surecart_dashboard_navigation_invoices":true,"_surecart_dashboard_navigation_subscriptions":true,"_surecart_dashboard_navigation_downloads":true,"_surecart_dashboard_navigation_billing":true,"_surecart_dashboard_navigation_account":true,"_uag_custom_page_level_css":"","site-sidebar-layout":"no-sidebar","site-content-layout":"","ast-site-content-layout":"normal-width-container","site-content-style":"default","site-sidebar-style":"default","ast-global-header-display":"","ast-banner-title-visibility":"","ast-main-header-display":"","ast-hfb-above-header-display":"","ast-hfb-below-header-display":"","ast-hfb-mobile-header-display":"","site-post-title":"disabled","ast-breadcrumbs-content":"","ast-featured-img":"","footer-sml-layout":"","ast-disable-related-posts":"","theme-transparent-header-meta":"enabled","adv-header-id-meta":"","stick-header-meta":"","header-above-stick-meta":"","header-main-stick-meta":"","header-below-stick-meta":"","astra-migrate-meta-layouts":"default","ast-page-background-enabled":"default","ast-page-background-meta":{"desktop":{"background-color":"var(--ast-global-color-4)","background-image":"","background-repeat":"repeat","background-position":"center center","background-size":"auto","background-attachment":"scroll","background-type":"","background-media":"","overlay-type":"","overlay-color":"","overlay-opacity":"","overlay-gradient":""},"tablet":{"background-color":"","background-image":"","background-repeat":"repeat","background-position":"center center","background-size":"auto","background-attachment":"scroll","background-type":"","background-media":"","overlay-type":"","overlay-color":"","overlay-opacity":"","overlay-gradient":""},"mobile":{"background-color":"","background-image":"","background-repeat":"repeat","background-position":"center center","background-size":"auto","background-attachment":"scroll","background-type":"","background-media":"","overlay-type":"","overlay-color":"","overlay-opacity":"","overlay-gradient":""}},"ast-content-background-meta":{"desktop":{"background-color":"var(--ast-global-color-5)","background-image":"","background-repeat":"repeat","background-position":"center center","background-size":"auto","background-attachment":"scroll","background-type":"","background-media":"","overlay-type":"","overlay-color":"","overlay-opacity":"","overlay-gradient":""},"tablet":{"background-color":"var(--ast-global-color-5)","background-image":"","background-repeat":"repeat","background-position":"center center","background-size":"auto","background-attachment":"scroll","background-type":"","background-media":"","overlay-type":"","overlay-color":"","overlay-opacity":"","overlay-gradient":""},"mobile":{"background-color":"var(--ast-global-color-5)","background-image":"","background-repeat":"repeat","background-position":"center center","background-size":"auto","background-attachment":"scroll","background-type":"","background-media":"","overlay-type":"","overlay-color":"","overlay-opacity":"","overlay-gradient":""}},"footnotes":""},"class_list":["post-3493","page","type-page","status-publish","hentry"],"yoast_head":"<!-- This site is optimized with the Yoast SEO plugin v27.3 - https:\/\/yoast.com\/product\/yoast-seo-wordpress\/ -->\n<title>Tilaaminen - Sugarella<\/title>\n<meta name=\"description\" content=\"Tilaaminen. Tuotteiden tilaamiseksi halutut tuotteet on lis\u00e4tt\u00e4v\u00e4 ostoskoriin. Tilauksen loppuun saattamiseksi on t\u00e4ytett\u00e4v\u00e4 pakolliset tietokent\u00e4t.\" \/>\n<meta name=\"robots\" content=\"index, follow, max-snippet:-1, max-image-preview:large, max-video-preview:-1\" \/>\n<link rel=\"canonical\" href=\"https:\/\/sugarella.ee\/fi\/tilaaminen\/\" \/>\n<meta property=\"og:locale\" content=\"fi_FI\" \/>\n<meta property=\"og:type\" content=\"article\" \/>\n<meta property=\"og:title\" content=\"Tilaaminen - Sugarella\" \/>\n<meta property=\"og:description\" content=\"Tilaaminen. Tuotteiden tilaamiseksi halutut tuotteet on lis\u00e4tt\u00e4v\u00e4 ostoskoriin. Tilauksen loppuun saattamiseksi on t\u00e4ytett\u00e4v\u00e4 pakolliset tietokent\u00e4t.\" \/>\n<meta property=\"og:url\" content=\"https:\/\/sugarella.ee\/fi\/tilaaminen\/\" \/>\n<meta property=\"og:site_name\" content=\"Sugarella\" \/>\n<meta property=\"article:publisher\" content=\"https:\/\/www.facebook.com\/profile.php?id=61577329389824\" \/>\n<meta property=\"article:modified_time\" content=\"2026-02-21T17:10:40+00:00\" \/>\n<meta property=\"og:image\" content=\"https:\/\/sugarella.ee\/wp-content\/uploads\/2026\/01\/sugarella-tellimine-1-1024x1024.jpg\" \/>\n<meta name=\"twitter:card\" content=\"summary_large_image\" \/>\n<meta name=\"twitter:label1\" content=\"Arvioitu lukuaika\" \/>\n\t<meta name=\"twitter:data1\" content=\"1 minuutti\" \/>\n<script type=\"application\/ld+json\" class=\"yoast-schema-graph\">{\"@context\":\"https:\\\/\\\/schema.org\",\"@graph\":[{\"@type\":\"WebPage\",\"@id\":\"https:\\\/\\\/sugarella.ee\\\/fi\\\/tilaaminen\\\/\",\"url\":\"https:\\\/\\\/sugarella.ee\\\/fi\\\/tilaaminen\\\/\",\"name\":\"Tilaaminen - Sugarella\",\"isPartOf\":{\"@id\":\"https:\\\/\\\/sugarella.ee\\\/fi\\\/#website\"},\"primaryImageOfPage\":{\"@id\":\"https:\\\/\\\/sugarella.ee\\\/fi\\\/tilaaminen\\\/#primaryimage\"},\"image\":{\"@id\":\"https:\\\/\\\/sugarella.ee\\\/fi\\\/tilaaminen\\\/#primaryimage\"},\"thumbnailUrl\":\"https:\\\/\\\/sugarella.ee\\\/wp-content\\\/uploads\\\/2026\\\/01\\\/sugarella-tellimine-1-1024x1024.jpg\",\"datePublished\":\"2026-01-09T18:48:54+00:00\",\"dateModified\":\"2026-02-21T17:10:40+00:00\",\"description\":\"Tilaaminen. Tuotteiden tilaamiseksi halutut tuotteet on lis\u00e4tt\u00e4v\u00e4 ostoskoriin. Tilauksen loppuun saattamiseksi on t\u00e4ytett\u00e4v\u00e4 pakolliset tietokent\u00e4t.\",\"breadcrumb\":{\"@id\":\"https:\\\/\\\/sugarella.ee\\\/fi\\\/tilaaminen\\\/#breadcrumb\"},\"inLanguage\":\"fi\",\"potentialAction\":[{\"@type\":\"ReadAction\",\"target\":[\"https:\\\/\\\/sugarella.ee\\\/fi\\\/tilaaminen\\\/\"]}]},{\"@type\":\"ImageObject\",\"inLanguage\":\"fi\",\"@id\":\"https:\\\/\\\/sugarella.ee\\\/fi\\\/tilaaminen\\\/#primaryimage\",\"url\":\"https:\\\/\\\/sugarella.ee\\\/wp-content\\\/uploads\\\/2026\\\/01\\\/sugarella-tellimine-1-1024x1024.jpg\",\"contentUrl\":\"https:\\\/\\\/sugarella.ee\\\/wp-content\\\/uploads\\\/2026\\\/01\\\/sugarella-tellimine-1-1024x1024.jpg\"},{\"@type\":\"BreadcrumbList\",\"@id\":\"https:\\\/\\\/sugarella.ee\\\/fi\\\/tilaaminen\\\/#breadcrumb\",\"itemListElement\":[{\"@type\":\"ListItem\",\"position\":1,\"name\":\"Home\",\"item\":\"https:\\\/\\\/sugarella.ee\\\/fi\\\/\"},{\"@type\":\"ListItem\",\"position\":2,\"name\":\"Tilaaminen\"}]},{\"@type\":\"WebSite\",\"@id\":\"https:\\\/\\\/sugarella.ee\\\/fi\\\/#website\",\"url\":\"https:\\\/\\\/sugarella.ee\\\/fi\\\/\",\"name\":\"Sugarella\",\"description\":\"N\u00e4o- ja kehahooldus, Ilutoodete e-pood\",\"publisher\":{\"@id\":\"https:\\\/\\\/sugarella.ee\\\/fi\\\/#organization\"},\"potentialAction\":[{\"@type\":\"SearchAction\",\"target\":{\"@type\":\"EntryPoint\",\"urlTemplate\":\"https:\\\/\\\/sugarella.ee\\\/fi\\\/?s={search_term_string}\"},\"query-input\":{\"@type\":\"PropertyValueSpecification\",\"valueRequired\":true,\"valueName\":\"search_term_string\"}}],\"inLanguage\":\"fi\"},{\"@type\":\"Organization\",\"@id\":\"https:\\\/\\\/sugarella.ee\\\/fi\\\/#organization\",\"name\":\"Evetar O\u00dc\",\"url\":\"https:\\\/\\\/sugarella.ee\\\/fi\\\/\",\"logo\":{\"@type\":\"ImageObject\",\"inLanguage\":\"fi\",\"@id\":\"https:\\\/\\\/sugarella.ee\\\/fi\\\/#\\\/schema\\\/logo\\\/image\\\/\",\"url\":\"https:\\\/\\\/sugarella.ee\\\/wp-content\\\/uploads\\\/2025\\\/08\\\/cropped-Pink-and-White-Simple-Watercolor-Business-Card-7.png\",\"contentUrl\":\"https:\\\/\\\/sugarella.ee\\\/wp-content\\\/uploads\\\/2025\\\/08\\\/cropped-Pink-and-White-Simple-Watercolor-Business-Card-7.png\",\"width\":928,\"height\":227,\"caption\":\"Evetar O\u00dc\"},\"image\":{\"@id\":\"https:\\\/\\\/sugarella.ee\\\/fi\\\/#\\\/schema\\\/logo\\\/image\\\/\"},\"sameAs\":[\"https:\\\/\\\/www.facebook.com\\\/profile.php?id=61577329389824\"]}]}<\/script>\n<!-- \/ Yoast SEO plugin. -->","yoast_head_json":{"title":"Tilaaminen - Sugarella","description":"Tilaaminen. Tuotteiden tilaamiseksi halutut tuotteet on lis\u00e4tt\u00e4v\u00e4 ostoskoriin. Tilauksen loppuun saattamiseksi on t\u00e4ytett\u00e4v\u00e4 pakolliset tietokent\u00e4t.","robots":{"index":"index","follow":"follow","max-snippet":"max-snippet:-1","max-image-preview":"max-image-preview:large","max-video-preview":"max-video-preview:-1"},"canonical":"https:\/\/sugarella.ee\/fi\/tilaaminen\/","og_locale":"fi_FI","og_type":"article","og_title":"Tilaaminen - Sugarella","og_description":"Tilaaminen. Tuotteiden tilaamiseksi halutut tuotteet on lis\u00e4tt\u00e4v\u00e4 ostoskoriin. Tilauksen loppuun saattamiseksi on t\u00e4ytett\u00e4v\u00e4 pakolliset tietokent\u00e4t.","og_url":"https:\/\/sugarella.ee\/fi\/tilaaminen\/","og_site_name":"Sugarella","article_publisher":"https:\/\/www.facebook.com\/profile.php?id=61577329389824","article_modified_time":"2026-02-21T17:10:40+00:00","og_image":[{"url":"https:\/\/sugarella.ee\/wp-content\/uploads\/2026\/01\/sugarella-tellimine-1-1024x1024.jpg","type":"","width":"","height":""}],"twitter_card":"summary_large_image","twitter_misc":{"Arvioitu lukuaika":"1 minuutti"},"schema":{"@context":"https:\/\/schema.org","@graph":[{"@type":"WebPage","@id":"https:\/\/sugarella.ee\/fi\/tilaaminen\/","url":"https:\/\/sugarella.ee\/fi\/tilaaminen\/","name":"Tilaaminen - Sugarella","isPartOf":{"@id":"https:\/\/sugarella.ee\/fi\/#website"},"primaryImageOfPage":{"@id":"https:\/\/sugarella.ee\/fi\/tilaaminen\/#primaryimage"},"image":{"@id":"https:\/\/sugarella.ee\/fi\/tilaaminen\/#primaryimage"},"thumbnailUrl":"https:\/\/sugarella.ee\/wp-content\/uploads\/2026\/01\/sugarella-tellimine-1-1024x1024.jpg","datePublished":"2026-01-09T18:48:54+00:00","dateModified":"2026-02-21T17:10:40+00:00","description":"Tilaaminen. Tuotteiden tilaamiseksi halutut tuotteet on lis\u00e4tt\u00e4v\u00e4 ostoskoriin. Tilauksen loppuun saattamiseksi on t\u00e4ytett\u00e4v\u00e4 pakolliset tietokent\u00e4t.","breadcrumb":{"@id":"https:\/\/sugarella.ee\/fi\/tilaaminen\/#breadcrumb"},"inLanguage":"fi","potentialAction":[{"@type":"ReadAction","target":["https:\/\/sugarella.ee\/fi\/tilaaminen\/"]}]},{"@type":"ImageObject","inLanguage":"fi","@id":"https:\/\/sugarella.ee\/fi\/tilaaminen\/#primaryimage","url":"https:\/\/sugarella.ee\/wp-content\/uploads\/2026\/01\/sugarella-tellimine-1-1024x1024.jpg","contentUrl":"https:\/\/sugarella.ee\/wp-content\/uploads\/2026\/01\/sugarella-tellimine-1-1024x1024.jpg"},{"@type":"BreadcrumbList","@id":"https:\/\/sugarella.ee\/fi\/tilaaminen\/#breadcrumb","itemListElement":[{"@type":"ListItem","position":1,"name":"Home","item":"https:\/\/sugarella.ee\/fi\/"},{"@type":"ListItem","position":2,"name":"Tilaaminen"}]},{"@type":"WebSite","@id":"https:\/\/sugarella.ee\/fi\/#website","url":"https:\/\/sugarella.ee\/fi\/","name":"Sugarella","description":"N\u00e4o- ja kehahooldus, Ilutoodete e-pood","publisher":{"@id":"https:\/\/sugarella.ee\/fi\/#organization"},"potentialAction":[{"@type":"SearchAction","target":{"@type":"EntryPoint","urlTemplate":"https:\/\/sugarella.ee\/fi\/?s={search_term_string}"},"query-input":{"@type":"PropertyValueSpecification","valueRequired":true,"valueName":"search_term_string"}}],"inLanguage":"fi"},{"@type":"Organization","@id":"https:\/\/sugarella.ee\/fi\/#organization","name":"Evetar O\u00dc","url":"https:\/\/sugarella.ee\/fi\/","logo":{"@type":"ImageObject","inLanguage":"fi","@id":"https:\/\/sugarella.ee\/fi\/#\/schema\/logo\/image\/","url":"https:\/\/sugarella.ee\/wp-content\/uploads\/2025\/08\/cropped-Pink-and-White-Simple-Watercolor-Business-Card-7.png","contentUrl":"https:\/\/sugarella.ee\/wp-content\/uploads\/2025\/08\/cropped-Pink-and-White-Simple-Watercolor-Business-Card-7.png","width":928,"height":227,"caption":"Evetar O\u00dc"},"image":{"@id":"https:\/\/sugarella.ee\/fi\/#\/schema\/logo\/image\/"},"sameAs":["https:\/\/www.facebook.com\/profile.php?id=61577329389824"]}]}},"uagb_featured_image_src":{"full":false,"thumbnail":false,"medium":false,"medium_large":false,"large":false,"1536x1536":false,"2048x2048":false,"woocommerce_thumbnail":false,"woocommerce_single":false,"woocommerce_gallery_thumbnail":false},"uagb_author_info":{"display_name":"liia","author_link":"https:\/\/sugarella.ee\/fi\/author\/liia\/"},"uagb_comment_info":0,"uagb_excerpt":"Foto: LeonardoAI","jetpack_sharing_enabled":true,"_links":{"self":[{"href":"https:\/\/sugarella.ee\/fi\/wp-json\/wp\/v2\/pages\/3493","targetHints":{"allow":["GET"]}}],"collection":[{"href":"https:\/\/sugarella.ee\/fi\/wp-json\/wp\/v2\/pages"}],"about":[{"href":"https:\/\/sugarella.ee\/fi\/wp-json\/wp\/v2\/types\/page"}],"author":[{"embeddable":true,"href":"https:\/\/sugarella.ee\/fi\/wp-json\/wp\/v2\/users\/2"}],"replies":[{"embeddable":true,"href":"https:\/\/sugarella.ee\/fi\/wp-json\/wp\/v2\/comments?post=3493"}],"version-history":[{"count":6,"href":"https:\/\/sugarella.ee\/fi\/wp-json\/wp\/v2\/pages\/3493\/revisions"}],"predecessor-version":[{"id":3789,"href":"https:\/\/sugarella.ee\/fi\/wp-json\/wp\/v2\/pages\/3493\/revisions\/3789"}],"wp:attachment":[{"href":"https:\/\/sugarella.ee\/fi\/wp-json\/wp\/v2\/media?parent=3493"}],"curies":[{"name":"wp","href":"https:\/\/api.w.org\/{rel}","templated":true}]}}