{"id":2638,"date":"2025-08-17T21:08:08","date_gmt":"2025-08-17T18:08:08","guid":{"rendered":"https:\/\/sugarella.ee\/contact\/"},"modified":"2026-02-21T19:28:45","modified_gmt":"2026-02-21T17:28:45","slug":"get-in-touch","status":"publish","type":"page","link":"https:\/\/sugarella.ee\/en\/get-in-touch\/","title":{"rendered":"Contact"},"content":{"rendered":"\n<div class=\"wp-block-uagb-container uagb-block-049e5632 alignfull uagb-is-root-container\"><div class=\"uagb-container-inner-blocks-wrap\">\n<div class=\"wp-block-uagb-container uagb-block-4acdc95b\">\n<div class=\"wp-block-uagb-image uagb-block-1e9b88e3 wp-block-uagb-image--layout-default wp-block-uagb-image--effect-static wp-block-uagb-image--align-none\"><figure class=\"wp-block-uagb-image__figure\"><img decoding=\"async\" srcset=\"https:\/\/sugarella.ee\/wp-content\/uploads\/2025\/12\/super-soft-scaled.jpg ,https:\/\/sugarella.ee\/wp-content\/uploads\/2025\/12\/super-soft-scaled.jpg 780w, https:\/\/sugarella.ee\/wp-content\/uploads\/2025\/12\/super-soft-scaled.jpg 360w\" sizes=\"auto, (max-width: 480px) 150px\" src=\"https:\/\/sugarella.ee\/wp-content\/uploads\/2025\/12\/super-soft-scaled.jpg\" alt=\"sugarella sugar paste\" class=\"uag-image-3127\" width=\"2560\" height=\"1429\" title=\"sugarella sugar paste\" loading=\"lazy\" role=\"img\"><\/figure><\/div>\n<\/div>\n\n\n\n<div class=\"wp-block-uagb-container uagb-block-ae2415ad\">\n<div class=\"wp-block-uagb-info-box uagb-block-16c32af8 uagb-infobox__content-wrap  uagb-infobox-icon-above-title uagb-infobox-image-valign-top wp-block-uagb-info-box--has-margin\"><div class=\"uagb-infobox-margin-wrapper\"><div class=\"uagb-ifb-content\"><div class=\"uagb-ifb-title-wrap\"><h3 class=\"uagb-ifb-title\"><strong>Get in touch!<\/strong><\/h3><\/div><div class=\"uagb-ifb-separator\"><\/div><p class=\"uagb-ifb-desc\"> If you have any questions, suggestions, or need help, please write to us at <strong>info.tellimus@gmail.com<\/strong>, call <strong>+372 56990979 <\/strong>or fill out the form below. <\/p><\/div><\/div><\/div>\n<\/div>\n<\/div><\/div>\n\n<div class=\"wp-block-uagb-container uagb-block-db512aea alignfull uagb-is-root-container\"><div class=\"uagb-container-inner-blocks-wrap\">\n<div class=\"wp-block-uagb-container uagb-block-a0c58707\">\n<div class=\"wp-block-uagb-container uagb-block-a1c02ed3\">\n<div class=\"wp-block-uagb-container uagb-block-2b62c5ac\"><\/div>\n<\/div>\n<\/div>\n\n\n\n<div class=\"wp-block-uagb-container uagb-block-33736917\"><\/div>\n<\/div><\/div>\n\n<div class=\"wp-block-uagb-container uagb-block-46b3c7cd alignfull uagb-is-root-container\"><div class=\"uagb-container-inner-blocks-wrap\">\n<div class=\"wp-block-uagb-container uagb-block-14af2840\">\n<div class=\"wp-block-uagb-info-box uagb-block-f7dcf24c uagb-infobox__content-wrap  uagb-infobox-icon-above-title uagb-infobox-image-valign-top\"><div class=\"uagb-ifb-content\"><div class=\"uagb-ifb-title-wrap\"><h3 class=\"uagb-ifb-title\"><br\/><strong>EVETAR O\u00dc<\/strong><\/h3><\/div><p class=\"uagb-ifb-desc\">+372 56990979<br\/>info.tellimus@gmail.com<br\/>Pargi 10-2, Tartu 50103, Eesti<br\/>Reg.nr, 11898990<br\/><br\/><br\/><br\/><br\/><br\/><\/p><\/div><\/div>\n<\/div>\n\n\n\n<div class=\"wp-block-uagb-container uagb-block-e60d49ad\">\n<div class=\"wp-block-uagb-info-box uagb-block-41f280a0 uagb-infobox__content-wrap  uagb-infobox-icon-above-title uagb-infobox-image-valign-top wp-block-uagb-info-box--has-margin\"><div class=\"uagb-infobox-margin-wrapper\"><div class=\"uagb-ifb-content\"><div class=\"uagb-ifb-title-wrap\"><h3 class=\"uagb-ifb-title\"><strong>HELP FOR SHOPPING<\/strong><\/h3><\/div><div class=\"uagb-ifb-desc\">\n<p class=\"has-ast-global-color-3-color has-text-color has-link-color wp-elements-a6bae1e18f18de4a505eda432742fde6\"><a href=\"https:\/\/sugarella.ee\/en\/ordering\/\" target=\"_blank\" rel=\"noreferrer noopener\">Ordering<\/a><br\/><a href=\"https:\/\/sugarella.ee\/en\/delivery\/\" target=\"_blank\" rel=\"noreferrer noopener\">Delivery<\/a><br\/><a href=\"https:\/\/sugarella.ee\/en\/return\/\" target=\"_blank\" rel=\"noreferrer noopener\">Return<\/a><br\/><br\/><a href=\"https:\/\/sugarella.ee\/muugitingimused\/\" target=\"_blank\" rel=\"noreferrer noopener\">E-poe m\u00fc\u00fcgitingimused<\/a><br\/><a href=\"https:\/\/sugarella.ee\/privaatsupoliitika\/\" target=\"_blank\" rel=\"noreferrer noopener\">Privaatsustingimused<\/a><br\/><br\/><\/p>\n<\/div><\/div><\/div><\/div>\n<\/div>\n\n\n\n<div class=\"wp-block-uagb-container uagb-block-b7721db6\">\n<div class=\"wp-block-uagb-forms uagb-forms__outer-wrap uagb-block-809fe97e uagb-forms__medium-btn\"><form class=\"uagb-forms-main-form\" method=\"post\" autocomplete=\"on\" name=\"uagb-form-809fe97e\">\n<div class=\"wp-block-uagb-forms-name uagb-forms-name-wrap uagb-forms-field-set uagb-block-50b08f91\"><div class=\"uagb-forms-name-label required uagb-forms-input-label\" id=\"50b08f91\"><strong>Name<\/strong><\/div><input type=\"text\" placeholder=\"John\" required=\"\" class=\"uagb-forms-name-input uagb-forms-input\" name=\"50b08f91\" autocomplete=\"given-name\"><\/div>\n\n\n\n<div class=\"wp-block-uagb-forms-email uagb-forms-email-wrap uagb-forms-field-set uagb-block-3782d61c\"><div class=\"uagb-forms-email-label required uagb-forms-input-label\" id=\"3782d61c\"><strong>E-mail<\/strong><\/div><input type=\"email\" class=\"uagb-forms-email-input uagb-forms-input\" placeholder=\"example@mail.com\" required=\"\" name=\"3782d61c\" autocomplete=\"email\"><\/div>\n\n\n\n<div class=\"wp-block-uagb-forms-textarea uagb-forms-textarea-wrap uagb-forms-field-set uagb-block-bfcac72a\"><div class=\"uagb-forms-textarea-label required uagb-forms-input-label\" id=\"bfcac72a\"><strong>Message<\/strong><\/div><textarea required=\"\" class=\"uagb-forms-textarea-input uagb-forms-input\" rows=\"2\" placeholder=\"Write your message\" name=\"bfcac72a\" autocomplete=\"off\"><\/textarea><\/div>\n<div class=\"uagb-forms-form-hidden-data\"><input type=\"hidden\" class=\"uagb_forms_form_label\" value=\"Spectra Form\"\/><input type=\"hidden\" class=\"uagb_forms_form_id\" value=\"uagb-form-809fe97e\"\/><\/div><div class=\"uagb-form-reacaptcha-error-809fe97e\"><\/div><div class=\"uagb-forms-main-submit-button-wrap wp-block-button\"><button class=\"uagb-forms-main-submit-button wp-block-button__link\"><div class=\"uagb-forms-main-submit-button-text\">SEND<\/div><\/button><\/div><\/form><div class=\"uagb-forms-success-message-809fe97e uagb-forms-submit-message-hide\"><span>Vorm on edukalt esitatud!<\/span><\/div><div class=\"uagb-forms-failed-message-809fe97e uagb-forms-submit-message-hide\"><span>Vormi esitamisel tekkis viga. Palun t\u00e4itke k\u00f5iki vormiv\u00e4lju uuesti.<\/span><\/div><\/div>\n<\/div>\n<\/div><\/div>\n\n<div class=\"wp-block-uagb-info-box uagb-block-abf86ca0 uagb-infobox__content-wrap  uagb-infobox-icon-above-title uagb-infobox-image-valign-top\"><div class=\"uagb-ifb-content\"><div class=\"uagb-ifb-title-wrap\"><\/div><p class=\"uagb-ifb-desc\"><a href=\"&lt;!--[CDATA[https:\/\/leonardo.ai\/]]--&gt;\">https:\/\/leonardo.ai\/<\/a><\/p><\/div><\/div>\n\n<header class=\"wp-block-uagb-advanced-heading uagb-block-431b7f45\"><h6 class=\"uagb-heading-text\">Foto: <a href=\"https:\/\/leonardo.ai\/\" target=\"_blank\" rel=\"noreferrer noopener\">https:\/\/leonardo.ai\/<\/a><\/h6><\/header>\n\n<p><\/p>\n","protected":false},"excerpt":{"rendered":"<p>Foto: https:\/\/leonardo.ai\/<\/p>\n","protected":false},"author":2,"featured_media":3148,"parent":0,"menu_order":0,"comment_status":"closed","ping_status":"closed","template":"","meta":{"_surecart_dashboard_logo_width":"180px","_surecart_dashboard_show_logo":true,"_surecart_dashboard_navigation_orders":true,"_surecart_dashboard_navigation_invoices":true,"_surecart_dashboard_navigation_subscriptions":true,"_surecart_dashboard_navigation_downloads":true,"_surecart_dashboard_navigation_billing":true,"_surecart_dashboard_navigation_account":true,"_uag_custom_page_level_css":"","site-sidebar-layout":"no-sidebar","site-content-layout":"page-builder","ast-site-content-layout":"full-width-container","site-content-style":"boxed","site-sidebar-style":"boxed","ast-global-header-display":"","ast-banner-title-visibility":"","ast-main-header-display":"","ast-hfb-above-header-display":"","ast-hfb-below-header-display":"","ast-hfb-mobile-header-display":"","site-post-title":"disabled","ast-breadcrumbs-content":"","ast-featured-img":"","footer-sml-layout":"","ast-disable-related-posts":"","theme-transparent-header-meta":"disabled","adv-header-id-meta":"","stick-header-meta":"","header-above-stick-meta":"","header-main-stick-meta":"","header-below-stick-meta":"","astra-migrate-meta-layouts":"set","ast-page-background-enabled":"default","ast-page-background-meta":{"desktop":{"background-color":"var(--ast-global-color-4)","background-image":"","background-repeat":"repeat","background-position":"center center","background-size":"auto","background-attachment":"scroll","background-type":"","background-media":"","overlay-type":"","overlay-color":"","overlay-opacity":"","overlay-gradient":""},"tablet":{"background-color":"","background-image":"","background-repeat":"repeat","background-position":"center center","background-size":"auto","background-attachment":"scroll","background-type":"","background-media":"","overlay-type":"","overlay-color":"","overlay-opacity":"","overlay-gradient":""},"mobile":{"background-color":"","background-image":"","background-repeat":"repeat","background-position":"center center","background-size":"auto","background-attachment":"scroll","background-type":"","background-media":"","overlay-type":"","overlay-color":"","overlay-opacity":"","overlay-gradient":""}},"ast-content-background-meta":{"desktop":{"background-color":"var(--ast-global-color-5)","background-image":"","background-repeat":"repeat","background-position":"center center","background-size":"auto","background-attachment":"scroll","background-type":"","background-media":"","overlay-type":"","overlay-color":"","overlay-opacity":"","overlay-gradient":""},"tablet":{"background-color":"var(--ast-global-color-5)","background-image":"","background-repeat":"repeat","background-position":"center center","background-size":"auto","background-attachment":"scroll","background-type":"","background-media":"","overlay-type":"","overlay-color":"","overlay-opacity":"","overlay-gradient":""},"mobile":{"background-color":"var(--ast-global-color-5)","background-image":"","background-repeat":"repeat","background-position":"center center","background-size":"auto","background-attachment":"scroll","background-type":"","background-media":"","overlay-type":"","overlay-color":"","overlay-opacity":"","overlay-gradient":""}},"footnotes":""},"class_list":["post-2638","page","type-page","status-publish","has-post-thumbnail","hentry"],"yoast_head":"<!-- This site is optimized with the Yoast SEO plugin v27.3 - https:\/\/yoast.com\/product\/yoast-seo-wordpress\/ -->\n<title>Contact.<\/title>\n<meta name=\"description\" content=\"Contact. Get in touch! Kui sul on k\u00fcsimusi, ettepanekuid v\u00f5i vajad abi, siis kirjuta meile aadressil info.tellimus@gmail.com v\u00f5i\" \/>\n<meta name=\"robots\" content=\"index, follow, max-snippet:-1, max-image-preview:large, max-video-preview:-1\" \/>\n<link rel=\"canonical\" href=\"https:\/\/sugarella.ee\/en\/get-in-touch\/\" \/>\n<meta property=\"og:locale\" content=\"en_US\" \/>\n<meta property=\"og:type\" content=\"article\" \/>\n<meta property=\"og:title\" content=\"Contact.\" \/>\n<meta property=\"og:description\" content=\"Contact. Get in touch! Kui sul on k\u00fcsimusi, ettepanekuid v\u00f5i vajad abi, siis kirjuta meile aadressil info.tellimus@gmail.com v\u00f5i\" \/>\n<meta property=\"og:url\" content=\"https:\/\/sugarella.ee\/en\/get-in-touch\/\" \/>\n<meta property=\"og:site_name\" content=\"Sugarella\" \/>\n<meta property=\"article:publisher\" content=\"https:\/\/www.facebook.com\/profile.php?id=61577329389824\" \/>\n<meta property=\"article:modified_time\" content=\"2026-02-21T17:28:45+00:00\" \/>\n<meta property=\"og:image\" content=\"https:\/\/sugarella.ee\/wp-content\/uploads\/2025\/12\/super-soft-scaled.jpg\" \/>\n\t<meta property=\"og:image:width\" content=\"2560\" \/>\n\t<meta property=\"og:image:height\" content=\"1429\" \/>\n\t<meta property=\"og:image:type\" content=\"image\/jpeg\" \/>\n<meta name=\"twitter:card\" content=\"summary_large_image\" \/>\n<meta name=\"twitter:label1\" content=\"Est. reading time\" \/>\n\t<meta name=\"twitter:data1\" content=\"1 minute\" \/>\n<script type=\"application\/ld+json\" class=\"yoast-schema-graph\">{\"@context\":\"https:\\\/\\\/schema.org\",\"@graph\":[{\"@type\":\"WebPage\",\"@id\":\"https:\\\/\\\/sugarella.ee\\\/en\\\/get-in-touch\\\/\",\"url\":\"https:\\\/\\\/sugarella.ee\\\/en\\\/get-in-touch\\\/\",\"name\":\"Contact.\",\"isPartOf\":{\"@id\":\"https:\\\/\\\/sugarella.ee\\\/en\\\/#website\"},\"primaryImageOfPage\":{\"@id\":\"https:\\\/\\\/sugarella.ee\\\/en\\\/get-in-touch\\\/#primaryimage\"},\"image\":{\"@id\":\"https:\\\/\\\/sugarella.ee\\\/en\\\/get-in-touch\\\/#primaryimage\"},\"thumbnailUrl\":\"https:\\\/\\\/sugarella.ee\\\/wp-content\\\/uploads\\\/2025\\\/12\\\/super-soft-scaled.jpg\",\"datePublished\":\"2025-08-17T18:08:08+00:00\",\"dateModified\":\"2026-02-21T17:28:45+00:00\",\"description\":\"Contact. Get in touch! Kui sul on k\u00fcsimusi, ettepanekuid v\u00f5i vajad abi, siis kirjuta meile aadressil info.tellimus@gmail.com v\u00f5i\",\"breadcrumb\":{\"@id\":\"https:\\\/\\\/sugarella.ee\\\/en\\\/get-in-touch\\\/#breadcrumb\"},\"inLanguage\":\"en-US\",\"potentialAction\":[{\"@type\":\"ReadAction\",\"target\":[\"https:\\\/\\\/sugarella.ee\\\/en\\\/get-in-touch\\\/\"]}]},{\"@type\":\"ImageObject\",\"inLanguage\":\"en-US\",\"@id\":\"https:\\\/\\\/sugarella.ee\\\/en\\\/get-in-touch\\\/#primaryimage\",\"url\":\"https:\\\/\\\/sugarella.ee\\\/wp-content\\\/uploads\\\/2025\\\/12\\\/super-soft-scaled.jpg\",\"contentUrl\":\"https:\\\/\\\/sugarella.ee\\\/wp-content\\\/uploads\\\/2025\\\/12\\\/super-soft-scaled.jpg\",\"width\":2560,\"height\":1429,\"caption\":\"super soft\"},{\"@type\":\"BreadcrumbList\",\"@id\":\"https:\\\/\\\/sugarella.ee\\\/en\\\/get-in-touch\\\/#breadcrumb\",\"itemListElement\":[{\"@type\":\"ListItem\",\"position\":1,\"name\":\"Home\",\"item\":\"https:\\\/\\\/sugarella.ee\\\/en\\\/\"},{\"@type\":\"ListItem\",\"position\":2,\"name\":\"Contact\"}]},{\"@type\":\"WebSite\",\"@id\":\"https:\\\/\\\/sugarella.ee\\\/en\\\/#website\",\"url\":\"https:\\\/\\\/sugarella.ee\\\/en\\\/\",\"name\":\"Sugarella\",\"description\":\"N\u00e4o- ja kehahooldus, Ilutoodete e-pood\",\"publisher\":{\"@id\":\"https:\\\/\\\/sugarella.ee\\\/en\\\/#organization\"},\"potentialAction\":[{\"@type\":\"SearchAction\",\"target\":{\"@type\":\"EntryPoint\",\"urlTemplate\":\"https:\\\/\\\/sugarella.ee\\\/en\\\/?s={search_term_string}\"},\"query-input\":{\"@type\":\"PropertyValueSpecification\",\"valueRequired\":true,\"valueName\":\"search_term_string\"}}],\"inLanguage\":\"en-US\"},{\"@type\":\"Organization\",\"@id\":\"https:\\\/\\\/sugarella.ee\\\/en\\\/#organization\",\"name\":\"Evetar O\u00dc\",\"url\":\"https:\\\/\\\/sugarella.ee\\\/en\\\/\",\"logo\":{\"@type\":\"ImageObject\",\"inLanguage\":\"en-US\",\"@id\":\"https:\\\/\\\/sugarella.ee\\\/en\\\/#\\\/schema\\\/logo\\\/image\\\/\",\"url\":\"https:\\\/\\\/sugarella.ee\\\/wp-content\\\/uploads\\\/2025\\\/08\\\/cropped-Pink-and-White-Simple-Watercolor-Business-Card-7.png\",\"contentUrl\":\"https:\\\/\\\/sugarella.ee\\\/wp-content\\\/uploads\\\/2025\\\/08\\\/cropped-Pink-and-White-Simple-Watercolor-Business-Card-7.png\",\"width\":928,\"height\":227,\"caption\":\"Evetar O\u00dc\"},\"image\":{\"@id\":\"https:\\\/\\\/sugarella.ee\\\/en\\\/#\\\/schema\\\/logo\\\/image\\\/\"},\"sameAs\":[\"https:\\\/\\\/www.facebook.com\\\/profile.php?id=61577329389824\"]}]}<\/script>\n<!-- \/ Yoast SEO plugin. -->","yoast_head_json":{"title":"Contact.","description":"Contact. Get in touch! Kui sul on k\u00fcsimusi, ettepanekuid v\u00f5i vajad abi, siis kirjuta meile aadressil info.tellimus@gmail.com v\u00f5i","robots":{"index":"index","follow":"follow","max-snippet":"max-snippet:-1","max-image-preview":"max-image-preview:large","max-video-preview":"max-video-preview:-1"},"canonical":"https:\/\/sugarella.ee\/en\/get-in-touch\/","og_locale":"en_US","og_type":"article","og_title":"Contact.","og_description":"Contact. Get in touch! Kui sul on k\u00fcsimusi, ettepanekuid v\u00f5i vajad abi, siis kirjuta meile aadressil info.tellimus@gmail.com v\u00f5i","og_url":"https:\/\/sugarella.ee\/en\/get-in-touch\/","og_site_name":"Sugarella","article_publisher":"https:\/\/www.facebook.com\/profile.php?id=61577329389824","article_modified_time":"2026-02-21T17:28:45+00:00","og_image":[{"width":2560,"height":1429,"url":"https:\/\/sugarella.ee\/wp-content\/uploads\/2025\/12\/super-soft-scaled.jpg","type":"image\/jpeg"}],"twitter_card":"summary_large_image","twitter_misc":{"Est. reading time":"1 minute"},"schema":{"@context":"https:\/\/schema.org","@graph":[{"@type":"WebPage","@id":"https:\/\/sugarella.ee\/en\/get-in-touch\/","url":"https:\/\/sugarella.ee\/en\/get-in-touch\/","name":"Contact.","isPartOf":{"@id":"https:\/\/sugarella.ee\/en\/#website"},"primaryImageOfPage":{"@id":"https:\/\/sugarella.ee\/en\/get-in-touch\/#primaryimage"},"image":{"@id":"https:\/\/sugarella.ee\/en\/get-in-touch\/#primaryimage"},"thumbnailUrl":"https:\/\/sugarella.ee\/wp-content\/uploads\/2025\/12\/super-soft-scaled.jpg","datePublished":"2025-08-17T18:08:08+00:00","dateModified":"2026-02-21T17:28:45+00:00","description":"Contact. Get in touch! Kui sul on k\u00fcsimusi, ettepanekuid v\u00f5i vajad abi, siis kirjuta meile aadressil info.tellimus@gmail.com v\u00f5i","breadcrumb":{"@id":"https:\/\/sugarella.ee\/en\/get-in-touch\/#breadcrumb"},"inLanguage":"en-US","potentialAction":[{"@type":"ReadAction","target":["https:\/\/sugarella.ee\/en\/get-in-touch\/"]}]},{"@type":"ImageObject","inLanguage":"en-US","@id":"https:\/\/sugarella.ee\/en\/get-in-touch\/#primaryimage","url":"https:\/\/sugarella.ee\/wp-content\/uploads\/2025\/12\/super-soft-scaled.jpg","contentUrl":"https:\/\/sugarella.ee\/wp-content\/uploads\/2025\/12\/super-soft-scaled.jpg","width":2560,"height":1429,"caption":"super soft"},{"@type":"BreadcrumbList","@id":"https:\/\/sugarella.ee\/en\/get-in-touch\/#breadcrumb","itemListElement":[{"@type":"ListItem","position":1,"name":"Home","item":"https:\/\/sugarella.ee\/en\/"},{"@type":"ListItem","position":2,"name":"Contact"}]},{"@type":"WebSite","@id":"https:\/\/sugarella.ee\/en\/#website","url":"https:\/\/sugarella.ee\/en\/","name":"Sugarella","description":"N\u00e4o- ja kehahooldus, Ilutoodete e-pood","publisher":{"@id":"https:\/\/sugarella.ee\/en\/#organization"},"potentialAction":[{"@type":"SearchAction","target":{"@type":"EntryPoint","urlTemplate":"https:\/\/sugarella.ee\/en\/?s={search_term_string}"},"query-input":{"@type":"PropertyValueSpecification","valueRequired":true,"valueName":"search_term_string"}}],"inLanguage":"en-US"},{"@type":"Organization","@id":"https:\/\/sugarella.ee\/en\/#organization","name":"Evetar O\u00dc","url":"https:\/\/sugarella.ee\/en\/","logo":{"@type":"ImageObject","inLanguage":"en-US","@id":"https:\/\/sugarella.ee\/en\/#\/schema\/logo\/image\/","url":"https:\/\/sugarella.ee\/wp-content\/uploads\/2025\/08\/cropped-Pink-and-White-Simple-Watercolor-Business-Card-7.png","contentUrl":"https:\/\/sugarella.ee\/wp-content\/uploads\/2025\/08\/cropped-Pink-and-White-Simple-Watercolor-Business-Card-7.png","width":928,"height":227,"caption":"Evetar O\u00dc"},"image":{"@id":"https:\/\/sugarella.ee\/en\/#\/schema\/logo\/image\/"},"sameAs":["https:\/\/www.facebook.com\/profile.php?id=61577329389824"]}]}},"uagb_featured_image_src":{"full":["https:\/\/sugarella.ee\/wp-content\/uploads\/2025\/12\/super-soft-scaled.jpg",2560,1429,false],"thumbnail":["https:\/\/sugarella.ee\/wp-content\/uploads\/2025\/12\/super-soft-150x150.jpg",150,150,true],"medium":["https:\/\/sugarella.ee\/wp-content\/uploads\/2025\/12\/super-soft-300x167.jpg",300,167,true],"medium_large":["https:\/\/sugarella.ee\/wp-content\/uploads\/2025\/12\/super-soft-768x429.jpg",768,429,true],"large":["https:\/\/sugarella.ee\/wp-content\/uploads\/2025\/12\/super-soft-1024x572.jpg",1024,572,true],"1536x1536":["https:\/\/sugarella.ee\/wp-content\/uploads\/2025\/12\/super-soft-1536x857.jpg",1536,857,true],"2048x2048":["https:\/\/sugarella.ee\/wp-content\/uploads\/2025\/12\/super-soft-2048x1143.jpg",2048,1143,true],"woocommerce_thumbnail":["https:\/\/sugarella.ee\/wp-content\/uploads\/2025\/12\/super-soft-scaled-600x600.jpg",600,600,true],"woocommerce_single":["https:\/\/sugarella.ee\/wp-content\/uploads\/2025\/12\/super-soft-scaled-600x335.jpg",600,335,true],"woocommerce_gallery_thumbnail":["https:\/\/sugarella.ee\/wp-content\/uploads\/2025\/12\/super-soft-scaled-100x100.jpg",100,100,true]},"uagb_author_info":{"display_name":"liia","author_link":"https:\/\/sugarella.ee\/en\/author\/liia\/"},"uagb_comment_info":0,"uagb_excerpt":"Foto: https:\/\/leonardo.ai\/","jetpack_sharing_enabled":true,"_links":{"self":[{"href":"https:\/\/sugarella.ee\/en\/wp-json\/wp\/v2\/pages\/2638","targetHints":{"allow":["GET"]}}],"collection":[{"href":"https:\/\/sugarella.ee\/en\/wp-json\/wp\/v2\/pages"}],"about":[{"href":"https:\/\/sugarella.ee\/en\/wp-json\/wp\/v2\/types\/page"}],"author":[{"embeddable":true,"href":"https:\/\/sugarella.ee\/en\/wp-json\/wp\/v2\/users\/2"}],"replies":[{"embeddable":true,"href":"https:\/\/sugarella.ee\/en\/wp-json\/wp\/v2\/comments?post=2638"}],"version-history":[{"count":11,"href":"https:\/\/sugarella.ee\/en\/wp-json\/wp\/v2\/pages\/2638\/revisions"}],"predecessor-version":[{"id":3806,"href":"https:\/\/sugarella.ee\/en\/wp-json\/wp\/v2\/pages\/2638\/revisions\/3806"}],"wp:featuredmedia":[{"embeddable":true,"href":"https:\/\/sugarella.ee\/en\/wp-json\/wp\/v2\/media\/3148"}],"wp:attachment":[{"href":"https:\/\/sugarella.ee\/en\/wp-json\/wp\/v2\/media?parent=2638"}],"curies":[{"name":"wp","href":"https:\/\/api.w.org\/{rel}","templated":true}]}}